{"id":12550,"date":"2024-10-03T20:59:34","date_gmt":"2024-10-03T18:59:34","guid":{"rendered":"https:\/\/ultimatedancemove.com\/?page_id=12550"},"modified":"2024-10-05T07:20:00","modified_gmt":"2024-10-05T05:20:00","slug":"reglements-et-inscriptions","status":"publish","type":"page","link":"https:\/\/ultimatedancemove.com\/en\/reglements-et-inscriptions\/","title":{"rendered":"REGLEMENTS ET INSCRIPTIONS"},"content":{"rendered":"<p>[vc_row][vc_column][vc_column_text]<strong>HORAIRES<\/strong><br \/>\n\u25cf L\u2019horaire des classes\/workshops sera disponible environ deux semaines avant l\u2019\u00e9v\u00e9nement.<\/p>\n<p>\u25cf L\u2019horaire demeurera sujet \u00e0 changement jusqu\u2019\u00e0 l\u2019\u00e9v\u00e9nement.<br \/>\n\u25cf Les groupes d\u2019\u00e2ge peuvent \u00eatre combin\u00e9s.<\/p>\n<p><strong>INSCRIPTIONS<\/strong><br \/>\n\u25cfLes inscriptions se font via l\u2019application Point de vente<br \/>\n\u25cfLes places sont limit\u00e9es et les inscriptions sont accept\u00e9es selon le principe du premier arriv\u00e9, premier servi.<br \/>\n\u25cfLe paiement des frais d\u2019inscription s\u2019effectue uniquement par carte de cr\u00e9dit sur la plateforme Point de vente<br \/>\n\u25cfDans le cas d\u2019une inscription le jour m\u00eame, le mode de paiement devra \u00eatre par carte de cr\u00e9dit.<br \/>\n\u25cfUltimate Dance Move utilisera la carte de cr\u00e9dit comme seul et unique mode de paiement sur les lieux de l\u2019\u00e9v\u00e9nement.<br \/>\n\u25cfLes frais d\u2019inscription ne sont pas remboursables pour quelques raisons que ce soit, y compris les raisons m\u00e9dicales.<\/p>\n<p><strong>VIDEOS\/PHOTOS<\/strong><br \/>\n\u25cfIl est strictement interdit de filmer les classes\/workshops en totalit\u00e9 \u00e0 des fins de reproduction.<\/p>\n<p><strong>NOURRITURE<\/strong><br \/>\n\u25cfAfin de se conformer aux exigences de l\u2019h\u00f4tel de Mortagne, aucune nourriture ne sera tol\u00e9r\u00e9e \u00e0 aucun endroit sur le site. Pour manger, il faudra aller \u00e0 l\u2019ext\u00e9rieur, dans les chambres d\u2019h\u00f4tel ou dans les restaurants de l\u2019h\u00f4tel.<\/p>\n<p><strong>OBSERVATEURS<\/strong><br \/>\n\u25cfLes parents et\/ou accompagnateurs des danseurs inscrits sont autoris\u00e9s \u00e0 l\u2019int\u00e9rieur des classes s\u2019ils ont achet\u00e9 un bracelet \u00ab Observateur \u00bb.<br \/>\n\u25cfLes observateurs peuvent uniquement \u00eatre pr\u00e9sents s\u2019ils accompagnent un danseur participant \u00e0 la convention.<br \/>\n\u25cf Les observateurs ne sont pas autoris\u00e9s dans les classes d\u2019audition.<br \/>\nLes observateurs n\u2019ont acc\u00e8s \u00e0 aucune autre salle que celles destin\u00e9es aux classes\/workshops.<\/p>\n<p>\u25cf Ultimate Dance Move se r\u00e9serve le droit de limiter le nombre d\u2019observateurs par salle.<br \/>\n\u25cf Ultimate Dance Move se r\u00e9serve le droit de r\u00e9voquer tous privil\u00e8ges d\u2019observateurs.<br \/>\n\u25cf Un bracelet d\u2019observateur pour un jour seulement n\u2019est pas disponible.<br \/>\n\u25cf Les observateurs de 6 ans et moins peuvent acc\u00e9der gratuitement \u00e0 l\u2019\u00e9v\u00e9nement, en autant qu\u2019ils accompagnent un danseur de la convention.<br \/>\n\u25cf Les bracelets des observateurs ne sont pas remboursables. Aucune exception.<\/p>\n<p><strong>DANSEURS IND\u00c9PENDANT<\/strong><br \/>\n\u25cf Ultimate Dance Move d\u00e9finit les danseurs ind\u00e9pendants comme des danseurs non associ\u00e9s \u00e0 un studio de danse mais suivant des cours coh\u00e9rents dans le cadre d\u2019un programme structur\u00e9.<\/p>\n<p>\u25cf Les danseurs ind\u00e9pendants sont les bienvenus pour participer \u00e0 la convention Ultimate Dance Move.<\/p>\n<p>\u25cfIls sont \u00e9ligibles \u00e0 la comp\u00e9tition Ultimate Dance Move et \u00e9ligibles \u00e0 tous les reconnaissances.<\/p>\n<p><strong>S\u00c9CURIT\u00c9<\/strong><br \/>\n\u25cf Les effets personnels des danseurs doivent \u00eatre \u00e9loign\u00e9s le plus possible des zones de danse pour \u00e9viter les blessures.<br \/>\n\u25cf Si un participant a besoin d\u2019accompagnement pour des premiers soins, il faut en aviser un membre de l\u2019\u00e9quipe Ultimate Dance Move.<br \/>\nLes danseurs de moins de 14 ans doivent \u00eatre accompagn\u00e9s par un adulte de 18 ans ou plus.<br \/>\n\u25cf Ultimate Dance Move n\u2019est pas un type de service de garde.<\/p>\n<p>\u25cf Aucun membre de l\u2019\u00e9quipe Ultimate Dance Move ne sera assign\u00e9 \u00e0 la surveillance des enfants.<br \/>\nTous les danseurs participants devront signer un formulaire de lib\u00e9ration pour participer \u00e0 l\u2019\u00e9v\u00e9nement. Ce formulaire se retrouvera \u00e0 l\u2019accueil des inscriptions de danseurs et participants.<br \/>\n\u25cf Ultimate Dance Move se r\u00e9serve le droit d\u2019annuler ou de reporter l\u2019\u00e9v\u00e9nement \u00e0 une autre date en raison de circonstances impr\u00e9vues.<br \/>\n\u25cf Ultimate Dance Move se r\u00e9serve le droit de limiter, corriger, annuler ou refuser des inscriptions, et d\u2019annuler ou de modifier les dates de l\u2019\u00e9v\u00e9nement dans le cas o\u00f9 le nombre d\u2019inscriptions est insuffisant pour tenir l\u2019\u00e9v\u00e9nement.<br \/>\n\u25cf Les danseurs\/studios de danse\/accompagnateurs seront tenus responsables pour tout dommage ou bris de mat\u00e9riel.<\/p>\n<p>\u25cf Ultimate Dance Move n\u2019est pas responsable des blessures pouvant survenir lors de la convention.<\/p>\n<p>\u25cfLes effets personnels laiss\u00e9s sur place ne sont pas sous la responsabilit\u00e9 de Ultimate Dance Move.<br \/>\n\u25cf Ultimate Dance Move n\u2019est pas responsable des vols ou pertes des effets personnels.<br \/>\n\u25cf Ultimate Dance Move se r\u00e9serve le droit de prendre des photos et des vid\u00e9os des participants pour une utilisation \u00e0 des fins promotionnelles.<\/p>\n<p>\u25cfEn s\u2019inscrivant \u00e0 la convention, le danseur accepte la captation de son image (photos\/vid\u00e9os \u00e0 des fins promotionnelles) de m\u00eame que le risque de blessure que peut engendrer l\u2019activit\u00e9 physique.[\/vc_column_text][\/vc_column][\/vc_row][vc_row][vc_column]<a itemprop=\"url\" href=\"https:\/\/forms.gle\/Auw3NrE9DwNV8Gmw9\" target=\"_self\"  class=\"qodef-btn qodef-btn-medium qodef-btn-solid\"  >\n\t<span class=\"qodef-button-holder\">\n\t\t\t\t<span class=\"qodef-btn-text\">Formulaire danseurs ici<\/span>\n\t\t\t<\/span>\n<\/a>[\/vc_column][\/vc_row]<\/p>\n","protected":false},"excerpt":{"rendered":"<p>[vc_row][vc_column][vc_column_text]HORAIRES \u25cf L\u2019horaire des classes\/workshops sera disponible environ deux semaines avant l\u2019\u00e9v\u00e9nement. \u25cf L\u2019horaire demeurera sujet \u00e0 changement jusqu\u2019\u00e0 l\u2019\u00e9v\u00e9nement. \u25cf Les groupes d\u2019\u00e2ge peuvent \u00eatre combin\u00e9s. INSCRIPTIONS \u25cfLes inscriptions se font via l\u2019application Point de vente \u25cfLes places sont limit\u00e9es et les inscriptions sont accept\u00e9es selon le principe du premier arriv\u00e9, [&hellip;]<\/p>\n","protected":false},"author":1,"featured_media":0,"parent":0,"menu_order":0,"comment_status":"closed","ping_status":"closed","template":"","meta":{"footnotes":""},"class_list":["post-12550","page","type-page","status-publish","hentry"],"yoast_head":"<!-- This site is optimized with the Yoast SEO plugin v24.8.1 - https:\/\/yoast.com\/wordpress\/plugins\/seo\/ -->\n<title>REGLEMENTS ET INSCRIPTIONS - Ultimatedancemove<\/title>\n<meta name=\"robots\" content=\"index, follow, max-snippet:-1, max-image-preview:large, max-video-preview:-1\" \/>\n<link rel=\"canonical\" href=\"https:\/\/ultimatedancemove.com\/en\/reglements-et-inscriptions\/\" \/>\n<meta property=\"og:locale\" content=\"en_US\" \/>\n<meta property=\"og:locale:alternate\" content=\"fr_FR\" \/>\n<meta property=\"og:type\" content=\"article\" \/>\n<meta property=\"og:title\" content=\"REGLEMENTS ET INSCRIPTIONS - Ultimatedancemove\" \/>\n<meta property=\"og:description\" content=\"[vc_row][vc_column][vc_column_text]HORAIRES \u25cf L\u2019horaire des classes\/workshops sera disponible environ deux semaines avant l\u2019\u00e9v\u00e9nement. \u25cf L\u2019horaire demeurera sujet \u00e0 changement jusqu\u2019\u00e0 l\u2019\u00e9v\u00e9nement. \u25cf Les groupes d\u2019\u00e2ge peuvent \u00eatre combin\u00e9s. INSCRIPTIONS \u25cfLes inscriptions se font via l\u2019application Point de vente \u25cfLes places sont limit\u00e9es et les inscriptions sont accept\u00e9es selon le principe du premier arriv\u00e9, [&hellip;]\" \/>\n<meta property=\"og:url\" content=\"https:\/\/ultimatedancemove.com\/en\/reglements-et-inscriptions\/\" \/>\n<meta property=\"og:site_name\" content=\"Ultimatedancemove\" \/>\n<meta property=\"article:publisher\" content=\"https:\/\/www.facebook.com\/ultimatedancemove\/\" \/>\n<meta property=\"article:modified_time\" content=\"2024-10-05T05:20:00+00:00\" \/>\n<meta name=\"twitter:card\" content=\"summary_large_image\" \/>\n<meta name=\"twitter:label1\" content=\"Est. reading time\" \/>\n\t<meta name=\"twitter:data1\" content=\"3 minutes\" \/>\n<script type=\"application\/ld+json\" class=\"yoast-schema-graph\">{\"@context\":\"https:\/\/schema.org\",\"@graph\":[{\"@type\":\"WebPage\",\"@id\":\"https:\/\/ultimatedancemove.com\/fr\/reglements-et-inscriptions\/\",\"url\":\"https:\/\/ultimatedancemove.com\/fr\/reglements-et-inscriptions\/\",\"name\":\"REGLEMENTS ET INSCRIPTIONS - Ultimatedancemove\",\"isPartOf\":{\"@id\":\"https:\/\/ultimatedancemove.com\/#website\"},\"datePublished\":\"2024-10-03T18:59:34+00:00\",\"dateModified\":\"2024-10-05T05:20:00+00:00\",\"breadcrumb\":{\"@id\":\"https:\/\/ultimatedancemove.com\/fr\/reglements-et-inscriptions\/#breadcrumb\"},\"inLanguage\":\"en-CA\",\"potentialAction\":[{\"@type\":\"ReadAction\",\"target\":[\"https:\/\/ultimatedancemove.com\/fr\/reglements-et-inscriptions\/\"]}]},{\"@type\":\"BreadcrumbList\",\"@id\":\"https:\/\/ultimatedancemove.com\/fr\/reglements-et-inscriptions\/#breadcrumb\",\"itemListElement\":[{\"@type\":\"ListItem\",\"position\":1,\"name\":\"Home\",\"item\":\"https:\/\/ultimatedancemove.com\/fr\/\"},{\"@type\":\"ListItem\",\"position\":2,\"name\":\"REGLEMENTS ET INSCRIPTIONS\"}]},{\"@type\":\"WebSite\",\"@id\":\"https:\/\/ultimatedancemove.com\/#website\",\"url\":\"https:\/\/ultimatedancemove.com\/\",\"name\":\"Ultimate dance move\",\"description\":\"Dance competition - Comp\u00e9tition de danse\",\"potentialAction\":[{\"@type\":\"SearchAction\",\"target\":{\"@type\":\"EntryPoint\",\"urlTemplate\":\"https:\/\/ultimatedancemove.com\/?s={search_term_string}\"},\"query-input\":{\"@type\":\"PropertyValueSpecification\",\"valueRequired\":true,\"valueName\":\"search_term_string\"}}],\"inLanguage\":\"en-CA\"}]}<\/script>\n<!-- \/ Yoast SEO plugin. -->","yoast_head_json":{"title":"REGLEMENTS ET INSCRIPTIONS - Ultimatedancemove","robots":{"index":"index","follow":"follow","max-snippet":"max-snippet:-1","max-image-preview":"max-image-preview:large","max-video-preview":"max-video-preview:-1"},"canonical":"https:\/\/ultimatedancemove.com\/en\/reglements-et-inscriptions\/","og_locale":"en_US","og_type":"article","og_title":"REGLEMENTS ET INSCRIPTIONS - Ultimatedancemove","og_description":"[vc_row][vc_column][vc_column_text]HORAIRES \u25cf L\u2019horaire des classes\/workshops sera disponible environ deux semaines avant l\u2019\u00e9v\u00e9nement. \u25cf L\u2019horaire demeurera sujet \u00e0 changement jusqu\u2019\u00e0 l\u2019\u00e9v\u00e9nement. \u25cf Les groupes d\u2019\u00e2ge peuvent \u00eatre combin\u00e9s. INSCRIPTIONS \u25cfLes inscriptions se font via l\u2019application Point de vente \u25cfLes places sont limit\u00e9es et les inscriptions sont accept\u00e9es selon le principe du premier arriv\u00e9, [&hellip;]","og_url":"https:\/\/ultimatedancemove.com\/en\/reglements-et-inscriptions\/","og_site_name":"Ultimatedancemove","article_publisher":"https:\/\/www.facebook.com\/ultimatedancemove\/","article_modified_time":"2024-10-05T05:20:00+00:00","twitter_card":"summary_large_image","twitter_misc":{"Est. reading time":"3 minutes"},"schema":{"@context":"https:\/\/schema.org","@graph":[{"@type":"WebPage","@id":"https:\/\/ultimatedancemove.com\/fr\/reglements-et-inscriptions\/","url":"https:\/\/ultimatedancemove.com\/fr\/reglements-et-inscriptions\/","name":"REGLEMENTS ET INSCRIPTIONS - Ultimatedancemove","isPartOf":{"@id":"https:\/\/ultimatedancemove.com\/#website"},"datePublished":"2024-10-03T18:59:34+00:00","dateModified":"2024-10-05T05:20:00+00:00","breadcrumb":{"@id":"https:\/\/ultimatedancemove.com\/fr\/reglements-et-inscriptions\/#breadcrumb"},"inLanguage":"en-CA","potentialAction":[{"@type":"ReadAction","target":["https:\/\/ultimatedancemove.com\/fr\/reglements-et-inscriptions\/"]}]},{"@type":"BreadcrumbList","@id":"https:\/\/ultimatedancemove.com\/fr\/reglements-et-inscriptions\/#breadcrumb","itemListElement":[{"@type":"ListItem","position":1,"name":"Home","item":"https:\/\/ultimatedancemove.com\/fr\/"},{"@type":"ListItem","position":2,"name":"REGLEMENTS ET INSCRIPTIONS"}]},{"@type":"WebSite","@id":"https:\/\/ultimatedancemove.com\/#website","url":"https:\/\/ultimatedancemove.com\/","name":"Ultimate dance move","description":"Dance competition - Comp\u00e9tition de danse","potentialAction":[{"@type":"SearchAction","target":{"@type":"EntryPoint","urlTemplate":"https:\/\/ultimatedancemove.com\/?s={search_term_string}"},"query-input":{"@type":"PropertyValueSpecification","valueRequired":true,"valueName":"search_term_string"}}],"inLanguage":"en-CA"}]}},"jetpack_sharing_enabled":true,"_links":{"self":[{"href":"https:\/\/ultimatedancemove.com\/en\/wp-json\/wp\/v2\/pages\/12550","targetHints":{"allow":["GET"]}}],"collection":[{"href":"https:\/\/ultimatedancemove.com\/en\/wp-json\/wp\/v2\/pages"}],"about":[{"href":"https:\/\/ultimatedancemove.com\/en\/wp-json\/wp\/v2\/types\/page"}],"author":[{"embeddable":true,"href":"https:\/\/ultimatedancemove.com\/en\/wp-json\/wp\/v2\/users\/1"}],"replies":[{"embeddable":true,"href":"https:\/\/ultimatedancemove.com\/en\/wp-json\/wp\/v2\/comments?post=12550"}],"version-history":[{"count":5,"href":"https:\/\/ultimatedancemove.com\/en\/wp-json\/wp\/v2\/pages\/12550\/revisions"}],"predecessor-version":[{"id":12573,"href":"https:\/\/ultimatedancemove.com\/en\/wp-json\/wp\/v2\/pages\/12550\/revisions\/12573"}],"wp:attachment":[{"href":"https:\/\/ultimatedancemove.com\/en\/wp-json\/wp\/v2\/media?parent=12550"}],"curies":[{"name":"wp","href":"https:\/\/api.w.org\/{rel}","templated":true}]}}