{"id":1382,"date":"2019-09-24T11:28:01","date_gmt":"2019-09-24T11:28:01","guid":{"rendered":"https:\/\/booth.qodeinteractive.com\/?page_id=1382"},"modified":"2025-08-28T18:24:15","modified_gmt":"2025-08-28T16:24:15","slug":"faq-page","status":"publish","type":"page","link":"https:\/\/ultimatedancemove.com\/en\/faq-page\/","title":{"rendered":"FAQ Page"},"content":{"rendered":"<p>[vc_row][vc_column]<div class=\"qodef-accordion-holder qodef-ac-default  qodef-accordion  clearfix\">\n\t<h6 class=\"qodef-accordion-title\">\n    <span class=\"qodef-accordion-mark\">\n\t\t<span class=\"qodef_icon_plus icon_plus\"><\/span>\n\t\t<span class=\"qodef_icon_minus icon_close\"><\/span>\n\t<\/span>\n\t<span class=\"qodef-tab-title\">COMBIEN DE TEMPS JE DOIS ARRIVER SUR LES LIEUX?<\/span>\n<\/h6>\n<div class=\"qodef-accordion-content\">\n\t<div class=\"qodef-accordion-content-inner\">\n\t\t[vc_column_text]Nous commen\u00e7ons \u00e0 prendre les pr\u00e9sences 1h avant le d\u00e9but de la comp\u00e9tition. Les portes ouvriront le vendredi a 13h30 et samedi \u00e0 8h30.[\/vc_column_text]\t<\/div>\n<\/div><h6 class=\"qodef-accordion-title\">\n    <span class=\"qodef-accordion-mark\">\n\t\t<span class=\"qodef_icon_plus icon_plus\"><\/span>\n\t\t<span class=\"qodef_icon_minus icon_close\"><\/span>\n\t<\/span>\n\t<span class=\"qodef-tab-title\">EST-CE QUE LES PARENTS SONT ADMISSIBLE DANS LES LOGES?<\/span>\n<\/h6>\n<div class=\"qodef-accordion-content\">\n\t<div class=\"qodef-accordion-content-inner\">\n\t\t[vc_column_text]Non, seulement les responsable des groupes du studio ainsi que le directeur afin d&#8217;avoir une meilleur s\u00e9curit\u00e9 des danseurs.[\/vc_column_text]\t<\/div>\n<\/div><h6 class=\"qodef-accordion-title\">\n    <span class=\"qodef-accordion-mark\">\n\t\t<span class=\"qodef_icon_plus icon_plus\"><\/span>\n\t\t<span class=\"qodef_icon_minus icon_close\"><\/span>\n\t<\/span>\n\t<span class=\"qodef-tab-title\">EST-CE QUE MON INSCRIPTION EST REMBOURSABLE?<\/span>\n<\/h6>\n<div class=\"qodef-accordion-content\">\n\t<div class=\"qodef-accordion-content-inner\">\n\t\t[vc_column_text]Les frais sont 100% non-remboursable et non-transf\u00e9rable d&#8217;\u00e9v\u00e9nements planifi\u00e9s. Si vous d\u00e9cidez de ne pas participer, ou ne pouvez<br \/>\npas participer pour des raisons personnelles, sachez que vous perdrez vos frais. S&#8217;il y a des circonstances att\u00e9nuantes telles que des blessures graves support\u00e9es par la documentation m\u00e9dicale, les frais seront cr\u00e9dit\u00e9s pour un \u00e9v\u00e9nement l&#8217;ann\u00e9e prochaine, \u00e0 partir du moment o\u00f9 vous payer votre inscription vous \u00eates en accord avec les r\u00e8glements de la comp\u00e9tition (pand\u00e9mie, ou incident de tous types ne permet pas de remboursement) vous comprendrez que les frais sont d\u00e9j\u00e0 absorb\u00e9s via nos invit\u00e9s, la location des locaux etc&#8230;[\/vc_column_text]\t<\/div>\n<\/div><h6 class=\"qodef-accordion-title\">\n    <span class=\"qodef-accordion-mark\">\n\t\t<span class=\"qodef_icon_plus icon_plus\"><\/span>\n\t\t<span class=\"qodef_icon_minus icon_close\"><\/span>\n\t<\/span>\n\t<span class=\"qodef-tab-title\">OU ENVOYER MES MUSIQUES?<\/span>\n<\/h6>\n<div class=\"qodef-accordion-content\">\n\t<div class=\"qodef-accordion-content-inner\">\n\t\t[vc_column_text]Il faudra nous l&#8217;envoyer par email au moment demander par notre \u00e9quipe soit un mois avant la comp\u00e9tition[\/vc_column_text]\t<\/div>\n<\/div><h6 class=\"qodef-accordion-title\">\n    <span class=\"qodef-accordion-mark\">\n\t\t<span class=\"qodef_icon_plus icon_plus\"><\/span>\n\t\t<span class=\"qodef_icon_minus icon_close\"><\/span>\n\t<\/span>\n\t<span class=\"qodef-tab-title\">EST-CE QUE J&#039;AI LE DROIT DE PRENDRE DES PHOTOS ET VIDEOS?<\/span>\n<\/h6>\n<div class=\"qodef-accordion-content\">\n\t<div class=\"qodef-accordion-content-inner\">\n\t\t[vc_column_text]Non, les photos et vid\u00e9os sont interdites dans la salle lors de repr\u00e9sentations de routine un agent de la s\u00e9curit\u00e9 vous demandera de bien vouloir arr\u00eater de filmer[\/vc_column_text]\t<\/div>\n<\/div><h6 class=\"qodef-accordion-title\">\n    <span class=\"qodef-accordion-mark\">\n\t\t<span class=\"qodef_icon_plus icon_plus\"><\/span>\n\t\t<span class=\"qodef_icon_minus icon_close\"><\/span>\n\t<\/span>\n\t<span class=\"qodef-tab-title\">COMMENT TROUVER LA SALLE DU THEATRE DE LA VILLE?<\/span>\n<\/h6>\n<div class=\"qodef-accordion-content\">\n\t<div class=\"qodef-accordion-content-inner\">\n\t\t[vc_column_text]La salle est au theatre de la ville l&#8217;adresse de la salle est le 150 Rue de Gentilly E, Longueuil, QC J4H 4A9, juste suivre le drapequ Udm \u00c0 L&#8217;ENTR\u00c9E[\/vc_column_text]\t<\/div>\n<\/div><h6 class=\"qodef-accordion-title\">\n    <span class=\"qodef-accordion-mark\">\n\t\t<span class=\"qodef_icon_plus icon_plus\"><\/span>\n\t\t<span class=\"qodef_icon_minus icon_close\"><\/span>\n\t<\/span>\n\t<span class=\"qodef-tab-title\">Comment appliquer aux workshops?<\/span>\n<\/h6>\n<div class=\"qodef-accordion-content\">\n\t<div class=\"qodef-accordion-content-inner\">\n\t\t[vc_column_text]Vous pouvez participer aux workshops tous simplement en allant dans la section workshop et en achetant votre pass[\/vc_column_text]\t<\/div>\n<\/div><h6 class=\"qodef-accordion-title\">\n    <span class=\"qodef-accordion-mark\">\n\t\t<span class=\"qodef_icon_plus icon_plus\"><\/span>\n\t\t<span class=\"qodef_icon_minus icon_close\"><\/span>\n\t<\/span>\n\t<span class=\"qodef-tab-title\">COMMENT MODIFIER MES ROUTINES?<\/span>\n<\/h6>\n<div class=\"qodef-accordion-content\">\n\t<div class=\"qodef-accordion-content-inner\">\n\t\t[vc_column_text]Si vous finalisez votre paiement, vous pouvez faire des modifications en ligne jusqu&#8217;\u00e0 la date limite. Les changements apr\u00e8s la date<br \/>\nlimite ne peuvent \u00eatre effectu\u00e9s que sur place pour un montant de 30 $ pour chaque changement demande[\/vc_column_text]\t<\/div>\n<\/div><h6 class=\"qodef-accordion-title\">\n    <span class=\"qodef-accordion-mark\">\n\t\t<span class=\"qodef_icon_plus icon_plus\"><\/span>\n\t\t<span class=\"qodef_icon_minus icon_close\"><\/span>\n\t<\/span>\n\t<span class=\"qodef-tab-title\">QUAND RECEVONS-NOUS L&#039;HORAIRE DE PASSAGE?<\/span>\n<\/h6>\n<div class=\"qodef-accordion-content\">\n\t<div class=\"qodef-accordion-content-inner\">\n\t\t[vc_column_text]Vous recevrez 3 versions de l&#8217;horaire 1 mois avant la comp\u00e9tition la premi\u00e8re version est modifiable, deuxi\u00e8me version retire les coquilles, la 3e version est finale (Il est important de bien v\u00e9rifi\u00e9 vos erreurs si vous faites pas les modifications avant la date donner vous ne pourrait plus modifier vos erreurs)[\/vc_column_text]\t<\/div>\n<\/div><h6 class=\"qodef-accordion-title\">\n    <span class=\"qodef-accordion-mark\">\n\t\t<span class=\"qodef_icon_plus icon_plus\"><\/span>\n\t\t<span class=\"qodef_icon_minus icon_close\"><\/span>\n\t<\/span>\n\t<span class=\"qodef-tab-title\">Y&#039;A T&#039;IL UNE SALLE DE PRATIQUE?<\/span>\n<\/h6>\n<div class=\"qodef-accordion-content\">\n\t<div class=\"qodef-accordion-content-inner\">\n\t\t[vc_column_text]Oui, il y&#8217;a une salle de pratique[\/vc_column_text]\t<\/div>\n<\/div><h6 class=\"qodef-accordion-title\">\n    <span class=\"qodef-accordion-mark\">\n\t\t<span class=\"qodef_icon_plus icon_plus\"><\/span>\n\t\t<span class=\"qodef_icon_minus icon_close\"><\/span>\n\t<\/span>\n\t<span class=\"qodef-tab-title\">QUAND RECEVONS-NOUS L&#039;HORAIRE?<\/span>\n<\/h6>\n<div class=\"qodef-accordion-content\">\n\t<div class=\"qodef-accordion-content-inner\">\n\t\t[vc_column_text]<\/p>\n<div id=\"6761cee5cf676487e\" class=\"panel-collapse collapse in\" aria-labelledby=\"toggle_6761cee5cf676487e\">\n<div class=\"panel-body toggle-content fusion-clearfix\">L\u2019horaire final est publi\u00e9 un mois avant la comp\u00e9tition. Il est d\u2019abord envoy\u00e9 aux responsables des \u00e9coles de danse, qui le diffusent ensuite aux parents par leur propre plateforme. UDM rend \u00e9galement l\u2019horaire accessible en ligne quelques jours avant l\u2019\u00e9v\u00e9nement, directement sur la page HORAIRE sur le site web.<\/div>\n<\/div>\n<p>[\/vc_column_text]\t<\/div>\n<\/div><h6 class=\"qodef-accordion-title\">\n    <span class=\"qodef-accordion-mark\">\n\t\t<span class=\"qodef_icon_plus icon_plus\"><\/span>\n\t\t<span class=\"qodef_icon_minus icon_close\"><\/span>\n\t<\/span>\n\t<span class=\"qodef-tab-title\">V\u00c9RIFICATION DE L&#039;AGE?<\/span>\n<\/h6>\n<div class=\"qodef-accordion-content\">\n\t<div class=\"qodef-accordion-content-inner\">\n\t\t[vc_column_text]<\/p>\n<div id=\"6761cee5cf676487e\" class=\"panel-collapse collapse in\" aria-labelledby=\"toggle_6761cee5cf676487e\">\n<div class=\"panel-body toggle-content fusion-clearfix\">UDM effectue des v\u00e9rifications d\u2019\u00e2ge al\u00e9atoires. Il est donc essentiel que chaque danseur ait en sa possession une pi\u00e8ce d\u2019identit\u00e9.<\/div>\n<\/div>\n<p>[\/vc_column_text]\t<\/div>\n<\/div><h6 class=\"qodef-accordion-title\">\n    <span class=\"qodef-accordion-mark\">\n\t\t<span class=\"qodef_icon_plus icon_plus\"><\/span>\n\t\t<span class=\"qodef_icon_minus icon_close\"><\/span>\n\t<\/span>\n\t<span class=\"qodef-tab-title\">QUEL EST LA DIMENSION DE LA SC\u00c8NE?<\/span>\n<\/h6>\n<div class=\"qodef-accordion-content\">\n\t<div class=\"qodef-accordion-content-inner\">\n\t\t[vc_column_text]<\/p>\n<div id=\"6761cee5cf676487e\" class=\"panel-collapse collapse in\" aria-labelledby=\"toggle_6761cee5cf676487e\">\n<div class=\"panel-body toggle-content fusion-clearfix\">Dimension de la sc\u00e8ne : <strong>97\u2019 8\u2019\u2019 x 37\u2019<\/strong><\/div>\n<\/div>\n<p>[\/vc_column_text]\t<\/div>\n<\/div><h6 class=\"qodef-accordion-title\">\n    <span class=\"qodef-accordion-mark\">\n\t\t<span class=\"qodef_icon_plus icon_plus\"><\/span>\n\t\t<span class=\"qodef_icon_minus icon_close\"><\/span>\n\t<\/span>\n\t<span class=\"qodef-tab-title\">COMMENCE SE PASSE LA REMISE DE PRIX?<\/span>\n<\/h6>\n<div class=\"qodef-accordion-content\">\n\t<div class=\"qodef-accordion-content-inner\">\n\t\t[vc_column_text]<\/p>\n<div id=\"6761cee5cf676487e\" class=\"panel-collapse collapse in\" aria-labelledby=\"toggle_6761cee5cf676487e\">\n<div class=\"panel-body toggle-content fusion-clearfix\">\n<p data-start=\"88\" data-end=\"116\"><strong data-start=\"88\" data-end=\"114\">\u00c9valuation et pointage<\/strong><\/p>\n<p data-start=\"118\" data-end=\"458\">Les juges de la comp\u00e9tition \u00e9valueront les aspects suivants : la technique, la performance, le costume\/les accessoires et la chor\u00e9graphie. Leur d\u00e9cision est finale. Il est strictement interdit de communiquer avec les juges pendant la comp\u00e9tition ou apr\u00e8s la remise des notes. Pour toute question ou probl\u00e8me, veuillez vous adresser aux organisateurs.<\/p>\n<p data-start=\"460\" data-end=\"573\">Les juges remettront \u00e9galement des <strong data-start=\"495\" data-end=\"516\">\u00ab coups de c\u0153ur \u00bb<\/strong> et des <strong data-start=\"524\" data-end=\"550\">\u00ab mentions sp\u00e9ciales \u00bb<\/strong> dans chaque section.<\/p>\n<p data-start=\"575\" data-end=\"601\"><strong data-start=\"575\" data-end=\"599\">Bar\u00e8me de pointage :<\/strong><\/p>\n<ul data-start=\"602\" data-end=\"729\">\n<li data-start=\"602\" data-end=\"622\">\n<p data-start=\"604\" data-end=\"622\">\u00a0Bronze<\/p>\n<\/li>\n<li data-start=\"623\" data-end=\"643\">\n<p data-start=\"625\" data-end=\"643\">\u00a0Argent<\/p>\n<\/li>\n<li data-start=\"644\" data-end=\"660\">\n<p data-start=\"646\" data-end=\"660\">\u00a0Or<\/p>\n<\/li>\n<li data-start=\"661\" data-end=\"687\">\n<p data-start=\"663\" data-end=\"687\">90 % et plus : Diamant<\/p>\n<\/li>\n<li data-start=\"688\" data-end=\"729\">\n<p data-start=\"690\" data-end=\"729\">Ainsi que les 1re, 2e et 3e positions<\/p>\n<\/li>\n<\/ul>\n<p data-start=\"731\" data-end=\"858\">Lors de la remise des prix, chaque danseur recevra un <strong data-start=\"785\" data-end=\"823\">ruban correspondant \u00e0 son pointage<\/strong> (3eme, 2eme, 1er ou diamant).<\/p>\n<ul data-start=\"860\" data-end=\"1105\">\n<li data-start=\"860\" data-end=\"993\">\n<p data-start=\"862\" data-end=\"993\">Pour souligner les 1re, 2e et 3e places dans les cat\u00e9gories <strong data-start=\"922\" data-end=\"939\">solo\/duo\/trio.<\/strong><\/p>\n<\/li>\n<li data-start=\"994\" data-end=\"1105\">\n<p data-start=\"996\" data-end=\"1105\">Pour les cat\u00e9gories <strong data-start=\"1016\" data-end=\"1060\">petit groupe une m\u00e9daille UDM sera remise aux participants.,<\/strong><\/p>\n<\/li>\n<li data-start=\"994\" data-end=\"1105\">\n<p data-start=\"996\" data-end=\"1105\"><strong data-start=\"1016\" data-end=\"1060\">Pour les grands groupe et production<\/strong>, un <strong data-start=\"1065\" data-end=\"1080\">troph\u00e9e UDM<\/strong> sera remis \u00e0 l\u2019\u00e9quipe.<\/p>\n<\/li>\n<\/ul>\n<p data-start=\"1303\" data-end=\"1472\">Durant la comp\u00e9tition, les top5 solo pourront pass\u00e9 une deuxi\u00e8me fois pour recevoir les top 3 le meilleurs solos, tous styles confondus, dans les cat\u00e9gories <strong data-start=\"1429\" data-end=\"1469\">novice, pr\u00e9-comp\u00e9titif et comp\u00e9titif<\/strong>.<\/p>\n<\/div>\n<\/div>\n<p>[\/vc_column_text]\t<\/div>\n<\/div><\/div>[\/vc_column][\/vc_row]<\/p>\n","protected":false},"excerpt":{"rendered":"<p>[vc_row][vc_column][\/vc_column][\/vc_row]<\/p>\n","protected":false},"author":1,"featured_media":0,"parent":0,"menu_order":0,"comment_status":"closed","ping_status":"closed","template":"","meta":{"footnotes":""},"class_list":["post-1382","page","type-page","status-publish","hentry"],"yoast_head":"<!-- This site is optimized with the Yoast SEO plugin v24.8.1 - https:\/\/yoast.com\/wordpress\/plugins\/seo\/ -->\n<title>FAQ Page - Ultimatedancemove<\/title>\n<meta name=\"robots\" content=\"index, follow, max-snippet:-1, max-image-preview:large, max-video-preview:-1\" \/>\n<link rel=\"canonical\" href=\"https:\/\/ultimatedancemove.com\/en\/faq-page\/\" \/>\n<meta property=\"og:locale\" content=\"en_US\" \/>\n<meta property=\"og:locale:alternate\" content=\"fr_FR\" \/>\n<meta property=\"og:type\" content=\"article\" \/>\n<meta property=\"og:title\" content=\"FAQ Page - Ultimatedancemove\" \/>\n<meta property=\"og:description\" content=\"[vc_row][vc_column][\/vc_column][\/vc_row]\" \/>\n<meta property=\"og:url\" content=\"https:\/\/ultimatedancemove.com\/en\/faq-page\/\" \/>\n<meta property=\"og:site_name\" content=\"Ultimatedancemove\" \/>\n<meta property=\"article:publisher\" content=\"https:\/\/www.facebook.com\/ultimatedancemove\/\" \/>\n<meta property=\"article:modified_time\" content=\"2025-08-28T16:24:15+00:00\" \/>\n<meta name=\"twitter:card\" content=\"summary_large_image\" \/>\n<meta name=\"twitter:label1\" content=\"Est. reading time\" \/>\n\t<meta name=\"twitter:data1\" content=\"4 minutes\" \/>\n<script type=\"application\/ld+json\" class=\"yoast-schema-graph\">{\"@context\":\"https:\/\/schema.org\",\"@graph\":[{\"@type\":\"WebPage\",\"@id\":\"https:\/\/ultimatedancemove.com\/fr\/faq-page\/\",\"url\":\"https:\/\/ultimatedancemove.com\/fr\/faq-page\/\",\"name\":\"FAQ Page - Ultimatedancemove\",\"isPartOf\":{\"@id\":\"https:\/\/ultimatedancemove.com\/#website\"},\"datePublished\":\"2019-09-24T11:28:01+00:00\",\"dateModified\":\"2025-08-28T16:24:15+00:00\",\"breadcrumb\":{\"@id\":\"https:\/\/ultimatedancemove.com\/fr\/faq-page\/#breadcrumb\"},\"inLanguage\":\"en-CA\",\"potentialAction\":[{\"@type\":\"ReadAction\",\"target\":[\"https:\/\/ultimatedancemove.com\/fr\/faq-page\/\"]}]},{\"@type\":\"BreadcrumbList\",\"@id\":\"https:\/\/ultimatedancemove.com\/fr\/faq-page\/#breadcrumb\",\"itemListElement\":[{\"@type\":\"ListItem\",\"position\":1,\"name\":\"Home\",\"item\":\"https:\/\/ultimatedancemove.com\/fr\/\"},{\"@type\":\"ListItem\",\"position\":2,\"name\":\"FAQ Page\"}]},{\"@type\":\"WebSite\",\"@id\":\"https:\/\/ultimatedancemove.com\/#website\",\"url\":\"https:\/\/ultimatedancemove.com\/\",\"name\":\"Ultimate dance move\",\"description\":\"Dance competition - Comp\u00e9tition de danse\",\"potentialAction\":[{\"@type\":\"SearchAction\",\"target\":{\"@type\":\"EntryPoint\",\"urlTemplate\":\"https:\/\/ultimatedancemove.com\/?s={search_term_string}\"},\"query-input\":{\"@type\":\"PropertyValueSpecification\",\"valueRequired\":true,\"valueName\":\"search_term_string\"}}],\"inLanguage\":\"en-CA\"}]}<\/script>\n<!-- \/ Yoast SEO plugin. -->","yoast_head_json":{"title":"FAQ Page - Ultimatedancemove","robots":{"index":"index","follow":"follow","max-snippet":"max-snippet:-1","max-image-preview":"max-image-preview:large","max-video-preview":"max-video-preview:-1"},"canonical":"https:\/\/ultimatedancemove.com\/en\/faq-page\/","og_locale":"en_US","og_type":"article","og_title":"FAQ Page - Ultimatedancemove","og_description":"[vc_row][vc_column][\/vc_column][\/vc_row]","og_url":"https:\/\/ultimatedancemove.com\/en\/faq-page\/","og_site_name":"Ultimatedancemove","article_publisher":"https:\/\/www.facebook.com\/ultimatedancemove\/","article_modified_time":"2025-08-28T16:24:15+00:00","twitter_card":"summary_large_image","twitter_misc":{"Est. reading time":"4 minutes"},"schema":{"@context":"https:\/\/schema.org","@graph":[{"@type":"WebPage","@id":"https:\/\/ultimatedancemove.com\/fr\/faq-page\/","url":"https:\/\/ultimatedancemove.com\/fr\/faq-page\/","name":"FAQ Page - Ultimatedancemove","isPartOf":{"@id":"https:\/\/ultimatedancemove.com\/#website"},"datePublished":"2019-09-24T11:28:01+00:00","dateModified":"2025-08-28T16:24:15+00:00","breadcrumb":{"@id":"https:\/\/ultimatedancemove.com\/fr\/faq-page\/#breadcrumb"},"inLanguage":"en-CA","potentialAction":[{"@type":"ReadAction","target":["https:\/\/ultimatedancemove.com\/fr\/faq-page\/"]}]},{"@type":"BreadcrumbList","@id":"https:\/\/ultimatedancemove.com\/fr\/faq-page\/#breadcrumb","itemListElement":[{"@type":"ListItem","position":1,"name":"Home","item":"https:\/\/ultimatedancemove.com\/fr\/"},{"@type":"ListItem","position":2,"name":"FAQ Page"}]},{"@type":"WebSite","@id":"https:\/\/ultimatedancemove.com\/#website","url":"https:\/\/ultimatedancemove.com\/","name":"Ultimate dance move","description":"Dance competition - Comp\u00e9tition de danse","potentialAction":[{"@type":"SearchAction","target":{"@type":"EntryPoint","urlTemplate":"https:\/\/ultimatedancemove.com\/?s={search_term_string}"},"query-input":{"@type":"PropertyValueSpecification","valueRequired":true,"valueName":"search_term_string"}}],"inLanguage":"en-CA"}]}},"jetpack_sharing_enabled":true,"_links":{"self":[{"href":"https:\/\/ultimatedancemove.com\/en\/wp-json\/wp\/v2\/pages\/1382","targetHints":{"allow":["GET"]}}],"collection":[{"href":"https:\/\/ultimatedancemove.com\/en\/wp-json\/wp\/v2\/pages"}],"about":[{"href":"https:\/\/ultimatedancemove.com\/en\/wp-json\/wp\/v2\/types\/page"}],"author":[{"embeddable":true,"href":"https:\/\/ultimatedancemove.com\/en\/wp-json\/wp\/v2\/users\/1"}],"replies":[{"embeddable":true,"href":"https:\/\/ultimatedancemove.com\/en\/wp-json\/wp\/v2\/comments?post=1382"}],"version-history":[{"count":9,"href":"https:\/\/ultimatedancemove.com\/en\/wp-json\/wp\/v2\/pages\/1382\/revisions"}],"predecessor-version":[{"id":12896,"href":"https:\/\/ultimatedancemove.com\/en\/wp-json\/wp\/v2\/pages\/1382\/revisions\/12896"}],"wp:attachment":[{"href":"https:\/\/ultimatedancemove.com\/en\/wp-json\/wp\/v2\/media?parent=1382"}],"curies":[{"name":"wp","href":"https:\/\/api.w.org\/{rel}","templated":true}]}}