{"id":12485,"date":"2024-07-26T07:10:19","date_gmt":"2024-07-26T05:10:19","guid":{"rendered":"https:\/\/ultimatedancemove.com\/?page_id=12485"},"modified":"2025-04-15T08:57:23","modified_gmt":"2025-04-15T06:57:23","slug":"lieux","status":"publish","type":"page","link":"https:\/\/ultimatedancemove.com\/fr\/lieux\/","title":{"rendered":"Lieux"},"content":{"rendered":"<p>[vc_row][vc_column]<div class=\"qodef-elements-holder   qodef-one-column  qodef-responsive-mode-768 \" ><div class=\"qodef-eh-item    \"  data-item-class=\"qodef-eh-custom-7021\">\n\t<div class=\"qodef-eh-item-inner\">\n\t\t<div class=\"qodef-eh-item-content qodef-eh-custom-7021\" >\n\t\t\t<div class=\"qodef-section-title-holder    qodef-section-title-animated\" >\n\t<div class=\"qodef-st-inner\">\n\t\t\t\t<div class=\"qodef-st-title-holder\">\n\t\t\t<h2 class=\"qodef-st-title\" >\n\t\t\t\t\t\t\t<span class=\"qodef-st-text-with-square\"><span class=\"qodef-st-square\" ><\/span><span class=\"qodef-st-first-letter\">S<\/span><\/span><span class=\"qodef-st-title-text\">alle Pratt &amp; Whitney Canada, Longueuil<\/span>\n\t\t\t\t\t<\/h2>\n\t\t<\/div>\n\t\t\t\t\t\t\t<\/div>\n<\/div>\t\t<\/div>\n\t<\/div>\n<\/div><\/div>[\/vc_column][\/vc_row][vc_row][vc_column]<div class=\"qodef-banner-holder  qodef-triangle-left qodef-angle-small\">\n    <div class=\"qodef-banner-image\">\n        <img loading=\"lazy\" decoding=\"async\" width=\"850\" height=\"413\" src=\"https:\/\/ultimatedancemove.com\/wp-content\/uploads\/2025\/04\/Theatre-de-la-Ville-Salle-Pratt-Whitney-Canada-Exterieur-2.jpg\" class=\"attachment-full size-full\" alt=\"\" srcset=\"https:\/\/ultimatedancemove.com\/wp-content\/uploads\/2025\/04\/Theatre-de-la-Ville-Salle-Pratt-Whitney-Canada-Exterieur-2.jpg 850w, https:\/\/ultimatedancemove.com\/wp-content\/uploads\/2025\/04\/Theatre-de-la-Ville-Salle-Pratt-Whitney-Canada-Exterieur-2-300x146.jpg 300w, https:\/\/ultimatedancemove.com\/wp-content\/uploads\/2025\/04\/Theatre-de-la-Ville-Salle-Pratt-Whitney-Canada-Exterieur-2-768x373.jpg 768w\" sizes=\"auto, (max-width: 850px) 100vw, 850px\" \/>    <\/div>\n    <div class=\"qodef-banner-text-holder\">\n\t\t<div class=\"qodef-banner-text-outer\">\n\t\t\t<div class=\"qodef-banner-text-inner\">\n\t\t        \t\t\t<\/div>\n\t\t<\/div>\n\t\t\n\t\t\t<\/div>\n\t<\/div>[\/vc_column][\/vc_row][vc_row][vc_column]<div class=\"qodef-banner-holder  qodef-triangle-left qodef-angle-small\">\n    <div class=\"qodef-banner-image\">\n        <img loading=\"lazy\" decoding=\"async\" width=\"1000\" height=\"669\" src=\"https:\/\/ultimatedancemove.com\/wp-content\/uploads\/2024\/07\/h1-img-4.jpg\" class=\"attachment-full size-full\" alt=\"\" srcset=\"https:\/\/ultimatedancemove.com\/wp-content\/uploads\/2024\/07\/h1-img-4.jpg 1000w, https:\/\/ultimatedancemove.com\/wp-content\/uploads\/2024\/07\/h1-img-4-300x201.jpg 300w, https:\/\/ultimatedancemove.com\/wp-content\/uploads\/2024\/07\/h1-img-4-768x514.jpg 768w, https:\/\/ultimatedancemove.com\/wp-content\/uploads\/2024\/07\/h1-img-4-600x401.jpg 600w\" sizes=\"auto, (max-width: 1000px) 100vw, 1000px\" \/>    <\/div>\n    <div class=\"qodef-banner-text-holder\">\n\t\t<div class=\"qodef-banner-text-outer\">\n\t\t\t<div class=\"qodef-banner-text-inner\">\n\t\t        \t\t\t<\/div>\n\t\t<\/div>\n\t\t\n\t\t\t<\/div>\n\t<\/div>[vc_column_text]<span class=\"icon-desc\">Adresse : Salle Pratt &#038; Whitney Canada, Longueuil<\/span>[\/vc_column_text][\/vc_column][\/vc_row][vc_row][vc_column]<div class=\"qodef-separator-holder clearfix  qodef-separator-center \">\n\t<div class=\"qodef-separator\" ><\/div>\n<\/div>\n[\/vc_column][\/vc_row][vc_row][vc_column]<div class=\"qodef-elements-holder   qodef-one-column  qodef-responsive-mode-768 \" ><div class=\"qodef-eh-item    \"  data-item-class=\"qodef-eh-custom-2271\">\n\t<div class=\"qodef-eh-item-inner\">\n\t\t<div class=\"qodef-eh-item-content qodef-eh-custom-2271\" >\n\t\t\t<div class=\"qodef-section-title-holder    qodef-section-title-animated\" >\n\t<div class=\"qodef-st-inner\">\n\t\t\t\t<div class=\"qodef-st-title-holder\">\n\t\t\t<h2 class=\"qodef-st-title\" >\n\t\t\t\t\t\t\t<span class=\"qodef-st-text-with-square\"><span class=\"qodef-st-square\" ><\/span><span class=\"qodef-st-first-letter\">O<\/span><\/span><span class=\"qodef-st-title-text\">u sommes nous<\/span>\n\t\t\t\t\t<\/h2>\n\t\t<\/div>\n\t\t\t\t\t\t\t<p class=\"qodef-st-text\" >\n\t\t\t\tTh\u00e9\u00e2tre de la Ville<br \/>\nAdresse : 150 Rue de Gentilly E, Longueuil, QC J4H 1Y5\t\t\t<\/p>\n\t\t\t\t\t<\/div>\n<\/div>\t\t<\/div>\n\t<\/div>\n<\/div><div class=\"qodef-eh-item    \"  data-item-class=\"qodef-eh-custom-4487\">\n\t<div class=\"qodef-eh-item-inner\">\n\t\t<div class=\"qodef-eh-item-content qodef-eh-custom-4487\" >\n\t\t\t[vc_gmaps link=\u00a0\u00bb#E-8_JTNDaWZyYW1lJTIwc3JjJTNEJTIyaHR0cHMlM0ElMkYlMkZ3d3cuZ29vZ2xlLmNvbSUyRm1hcHMlMkZlbWJlZCUzRnBiJTNEJTIxMW0xOCUyMTFtMTIlMjExbTMlMjExZDI3OTQuNjczMDg3MDIwNzk5NCUyMTJkLTczLjQ5NDczNDQlMjEzZDQ1LjUzNjc4Mzc5OTk5OTk5NSUyMTJtMyUyMTFmMCUyMTJmMCUyMTNmMCUyMTNtMiUyMTFpMTAyNCUyMTJpNzY4JTIxNGYxMy4xJTIxM20zJTIxMW0yJTIxMXMweDRjYzkxYjViYjIzYWVhM2YlMjUzQTB4ZDRkMDFhYWU2ZDlmMjdlYSUyMTJ6VkdqRHFjT2lkSEpsSUdSbElHeGhJRlpwYkd4bCUyMTVlMCUyMTNtMiUyMTFzZnIlMjEyc2NhJTIxNHYxNzQ0Njk5MjE1ODg1JTIxNW0yJTIxMXNmciUyMTJzY2ElMjIlMjB3aWR0aCUzRCUyMjYwMCUyMiUyMGhlaWdodCUzRCUyMjQ1MCUyMiUyMHN0eWxlJTNEJTIyYm9yZGVyJTNBMCUzQiUyMiUyMGFsbG93ZnVsbHNjcmVlbiUzRCUyMiUyMiUyMGxvYWRpbmclM0QlMjJsYXp5JTIyJTIwcmVmZXJyZXJwb2xpY3klM0QlMjJuby1yZWZlcnJlci13aGVuLWRvd25ncmFkZSUyMiUzRSUzQyUyRmlmcmFtZSUzRQ==\u00a0\u00bb]\t\t<\/div>\n\t<\/div>\n<\/div><\/div>[\/vc_column][\/vc_row][vc_row][vc_column]<div class=\"qodef-separator-holder clearfix  qodef-separator-center \">\n\t<div class=\"qodef-separator\" ><\/div>\n<\/div>\n[\/vc_column][\/vc_row][vc_row][vc_column]<div class=\"qodef-elements-holder   qodef-one-column  qodef-responsive-mode-768 \" ><div class=\"qodef-eh-item    \"  data-item-class=\"qodef-eh-custom-8250\">\n\t<div class=\"qodef-eh-item-inner\">\n\t\t<div class=\"qodef-eh-item-content qodef-eh-custom-8250\" >\n\t\t\t[vc_column_text]<\/p>\n<h2>STUDIO DE PRATIQUE<\/h2>\n<p>le studios climatis\u00e9 et chauff\u00e9 EST dot\u00e9s d\u2019une grille d\u2019accrochage \u00e0 21 pieds de hauteur et d&rsquo;un acc\u00e8s \u00e0 un r\u00e9seau Internet sans fil.[\/vc_column_text]\t\t<\/div>\n\t<\/div>\n<\/div><div class=\"qodef-eh-item    \"  data-item-class=\"qodef-eh-custom-8880\">\n\t<div class=\"qodef-eh-item-inner\">\n\t\t<div class=\"qodef-eh-item-content qodef-eh-custom-8880\" >\n\t\t\t[vc_single_image image=\u00a0\u00bb12852&Prime; img_size=\u00a0\u00bbfull\u00a0\u00bb]\t\t<\/div>\n\t<\/div>\n<\/div><\/div>[\/vc_column][\/vc_row]<\/p>\n","protected":false},"excerpt":{"rendered":"<p>[vc_row][vc_column][\/vc_column][\/vc_row][vc_row][vc_column][\/vc_column][\/vc_row][vc_row][vc_column][vc_column_text]Adresse : Salle Pratt &#038; Whitney Canada, Longueuil[\/vc_column_text][\/vc_column][\/vc_row][vc_row][vc_column][\/vc_column][\/vc_row][vc_row][vc_column][\/vc_column][\/vc_row][vc_row][vc_column][\/vc_column][\/vc_row][vc_row][vc_column][\/vc_column][\/vc_row]<\/p>\n","protected":false},"author":1,"featured_media":0,"parent":0,"menu_order":0,"comment_status":"closed","ping_status":"closed","template":"","meta":{"footnotes":""},"class_list":["post-12485","page","type-page","status-publish","hentry"],"yoast_head":"<!-- This site is optimized with the Yoast SEO plugin v24.8.1 - https:\/\/yoast.com\/wordpress\/plugins\/seo\/ -->\n<title>Lieux - Ultimatedancemove<\/title>\n<meta name=\"description\" content=\"Lieux de la comp\u00e9tition de danse au Quebec Ultimate dance Move\" \/>\n<meta name=\"robots\" content=\"index, follow, max-snippet:-1, max-image-preview:large, max-video-preview:-1\" \/>\n<link rel=\"canonical\" href=\"https:\/\/ultimatedancemove.com\/fr\/lieux\/\" \/>\n<meta property=\"og:locale\" content=\"fr_FR\" \/>\n<meta property=\"og:locale:alternate\" content=\"en_CA\" \/>\n<meta property=\"og:type\" content=\"article\" \/>\n<meta property=\"og:title\" content=\"Lieux - Ultimatedancemove\" \/>\n<meta property=\"og:description\" content=\"Lieux de la comp\u00e9tition de danse au Quebec Ultimate dance Move\" \/>\n<meta property=\"og:url\" content=\"https:\/\/ultimatedancemove.com\/fr\/lieux\/\" \/>\n<meta property=\"og:site_name\" content=\"Ultimatedancemove\" \/>\n<meta property=\"article:publisher\" content=\"https:\/\/www.facebook.com\/ultimatedancemove\/\" \/>\n<meta property=\"article:modified_time\" content=\"2025-04-15T06:57:23+00:00\" \/>\n<meta name=\"twitter:card\" content=\"summary_large_image\" \/>\n<meta name=\"twitter:label1\" content=\"Dur\u00e9e de lecture estim\u00e9e\" \/>\n\t<meta name=\"twitter:data1\" content=\"2 minutes\" \/>\n<script type=\"application\/ld+json\" class=\"yoast-schema-graph\">{\"@context\":\"https:\/\/schema.org\",\"@graph\":[{\"@type\":\"WebPage\",\"@id\":\"https:\/\/ultimatedancemove.com\/fr\/lieux\/\",\"url\":\"https:\/\/ultimatedancemove.com\/fr\/lieux\/\",\"name\":\"Lieux - Ultimatedancemove\",\"isPartOf\":{\"@id\":\"https:\/\/ultimatedancemove.com\/#website\"},\"datePublished\":\"2024-07-26T05:10:19+00:00\",\"dateModified\":\"2025-04-15T06:57:23+00:00\",\"description\":\"Lieux de la comp\u00e9tition de danse au Quebec Ultimate dance Move\",\"breadcrumb\":{\"@id\":\"https:\/\/ultimatedancemove.com\/fr\/lieux\/#breadcrumb\"},\"inLanguage\":\"fr-FR\",\"potentialAction\":[{\"@type\":\"ReadAction\",\"target\":[\"https:\/\/ultimatedancemove.com\/fr\/lieux\/\"]}]},{\"@type\":\"BreadcrumbList\",\"@id\":\"https:\/\/ultimatedancemove.com\/fr\/lieux\/#breadcrumb\",\"itemListElement\":[{\"@type\":\"ListItem\",\"position\":1,\"name\":\"Home\",\"item\":\"https:\/\/ultimatedancemove.com\/fr\/\"},{\"@type\":\"ListItem\",\"position\":2,\"name\":\"Lieux\"}]},{\"@type\":\"WebSite\",\"@id\":\"https:\/\/ultimatedancemove.com\/#website\",\"url\":\"https:\/\/ultimatedancemove.com\/\",\"name\":\"Ultimate dance move\",\"description\":\"Dance competition - Comp\u00e9tition de danse\",\"potentialAction\":[{\"@type\":\"SearchAction\",\"target\":{\"@type\":\"EntryPoint\",\"urlTemplate\":\"https:\/\/ultimatedancemove.com\/?s={search_term_string}\"},\"query-input\":{\"@type\":\"PropertyValueSpecification\",\"valueRequired\":true,\"valueName\":\"search_term_string\"}}],\"inLanguage\":\"fr-FR\"}]}<\/script>\n<!-- \/ Yoast SEO plugin. -->","yoast_head_json":{"title":"Lieux - Ultimatedancemove","description":"Lieux de la comp\u00e9tition de danse au Quebec Ultimate dance Move","robots":{"index":"index","follow":"follow","max-snippet":"max-snippet:-1","max-image-preview":"max-image-preview:large","max-video-preview":"max-video-preview:-1"},"canonical":"https:\/\/ultimatedancemove.com\/fr\/lieux\/","og_locale":"fr_FR","og_type":"article","og_title":"Lieux - Ultimatedancemove","og_description":"[:fr]Lieux de la comp\u00e9tition de danse au Quebec Ultimate dance Move[:]","og_url":"https:\/\/ultimatedancemove.com\/fr\/lieux\/","og_site_name":"Ultimatedancemove","article_publisher":"https:\/\/www.facebook.com\/ultimatedancemove\/","article_modified_time":"2025-04-15T06:57:23+00:00","twitter_card":"summary_large_image","twitter_misc":{"Dur\u00e9e de lecture estim\u00e9e":"2 minutes"},"schema":{"@context":"https:\/\/schema.org","@graph":[{"@type":"WebPage","@id":"https:\/\/ultimatedancemove.com\/fr\/lieux\/","url":"https:\/\/ultimatedancemove.com\/fr\/lieux\/","name":"Lieux - Ultimatedancemove","isPartOf":{"@id":"https:\/\/ultimatedancemove.com\/#website"},"datePublished":"2024-07-26T05:10:19+00:00","dateModified":"2025-04-15T06:57:23+00:00","description":"Lieux de la comp\u00e9tition de danse au Quebec Ultimate dance Move","breadcrumb":{"@id":"https:\/\/ultimatedancemove.com\/fr\/lieux\/#breadcrumb"},"inLanguage":"fr-FR","potentialAction":[{"@type":"ReadAction","target":["https:\/\/ultimatedancemove.com\/fr\/lieux\/"]}]},{"@type":"BreadcrumbList","@id":"https:\/\/ultimatedancemove.com\/fr\/lieux\/#breadcrumb","itemListElement":[{"@type":"ListItem","position":1,"name":"Home","item":"https:\/\/ultimatedancemove.com\/fr\/"},{"@type":"ListItem","position":2,"name":"Lieux"}]},{"@type":"WebSite","@id":"https:\/\/ultimatedancemove.com\/#website","url":"https:\/\/ultimatedancemove.com\/","name":"Ultimate dance move","description":"Dance competition - Comp\u00e9tition de danse","potentialAction":[{"@type":"SearchAction","target":{"@type":"EntryPoint","urlTemplate":"https:\/\/ultimatedancemove.com\/?s={search_term_string}"},"query-input":{"@type":"PropertyValueSpecification","valueRequired":true,"valueName":"search_term_string"}}],"inLanguage":"fr-FR"}]}},"jetpack_sharing_enabled":true,"_links":{"self":[{"href":"https:\/\/ultimatedancemove.com\/fr\/wp-json\/wp\/v2\/pages\/12485","targetHints":{"allow":["GET"]}}],"collection":[{"href":"https:\/\/ultimatedancemove.com\/fr\/wp-json\/wp\/v2\/pages"}],"about":[{"href":"https:\/\/ultimatedancemove.com\/fr\/wp-json\/wp\/v2\/types\/page"}],"author":[{"embeddable":true,"href":"https:\/\/ultimatedancemove.com\/fr\/wp-json\/wp\/v2\/users\/1"}],"replies":[{"embeddable":true,"href":"https:\/\/ultimatedancemove.com\/fr\/wp-json\/wp\/v2\/comments?post=12485"}],"version-history":[{"count":10,"href":"https:\/\/ultimatedancemove.com\/fr\/wp-json\/wp\/v2\/pages\/12485\/revisions"}],"predecessor-version":[{"id":12571,"href":"https:\/\/ultimatedancemove.com\/fr\/wp-json\/wp\/v2\/pages\/12485\/revisions\/12571"}],"wp:attachment":[{"href":"https:\/\/ultimatedancemove.com\/fr\/wp-json\/wp\/v2\/media?parent=12485"}],"curies":[{"name":"wp","href":"https:\/\/api.w.org\/{rel}","templated":true}]}}