{"id":12717,"date":"2025-04-11T08:30:13","date_gmt":"2025-04-11T06:30:13","guid":{"rendered":"https:\/\/ultimatedancemove.com\/?page_id=12717"},"modified":"2026-03-16T03:27:50","modified_gmt":"2026-03-16T02:27:50","slug":"showcase","status":"publish","type":"page","link":"https:\/\/ultimatedancemove.com\/fr\/showcase\/","title":{"rendered":"Showcase"},"content":{"rendered":"<p>[vc_row][vc_column]<div class=\"qodef-elements-holder   qodef-one-column  qodef-responsive-mode-768 \" ><div class=\"qodef-eh-item    \"  data-item-class=\"qodef-eh-custom-8646\">\n\t<div class=\"qodef-eh-item-inner\">\n\t\t<div class=\"qodef-eh-item-content qodef-eh-custom-8646\" >\n\t\t\t<div class=\"qodef-section-title-holder    qodef-section-title-animated\" >\n\t<div class=\"qodef-st-inner\">\n\t\t\t\t<div class=\"qodef-st-title-holder\">\n\t\t\t<h2 class=\"qodef-st-title\" >\n\t\t\t\t\t\t\t<span class=\"qodef-st-text-with-square\"><span class=\"qodef-st-square\" ><\/span><span class=\"qodef-st-first-letter\">U<\/span><\/span><span class=\"qodef-st-title-text\">ltimate Showcase<\/span>\n\t\t\t\t\t<\/h2>\n\t\t<\/div>\n\t\t\t\t\t\t\t<p class=\"qodef-st-text\" >\n\t\t\t\tAfin de pr\u00e9parer un showcase du tonnere nous allons en plus de nos invit\u00e9s choisir plusieurs groupe qui participerons \u00e0 la grande finale\t\t\t<\/p>\n\t\t\t\t\t<\/div>\n<\/div>\t\t<\/div>\n\t<\/div>\n<\/div><\/div>[\/vc_column][\/vc_row][vc_row][vc_column][vc_single_image image=\u00a0\u00bb12982&Prime; img_size=\u00a0\u00bbfull\u00a0\u00bb alignment=\u00a0\u00bbcenter\u00a0\u00bb title=\u00a0\u00bbSHOWCASE ALLSTARZ\u00a0\u00bb]<a itemprop=\"url\" href=\"https:\/\/theatredelaville-location.tuxedobillet.com\/Location\/ultimate-showcase-allstarz\" target=\"_self\"  class=\"qodef-btn qodef-btn-medium qodef-btn-solid\"  >\n\t<span class=\"qodef-button-holder\">\n\t\t\t\t<span class=\"qodef-btn-text\">ACHETEZ VOTRE BILLET SHOWCASE DU SAMEDI 21 MARS 2026<\/span>\n\t\t\t<\/span>\n<\/a>[\/vc_column][\/vc_row][vc_row][vc_column][vc_single_image image=\u00a0\u00bb12986&Prime; img_size=\u00a0\u00bbfull\u00a0\u00bb alignment=\u00a0\u00bbcenter\u00a0\u00bb title=\u00a0\u00bbSHOWCASE ROOKIEZ\u00a0\u00bb]<a itemprop=\"url\" href=\"https:\/\/theatredelaville-location.tuxedobillet.com\/Location\/ultimate-showcase-rookiez\" target=\"_self\"  class=\"qodef-btn qodef-btn-medium qodef-btn-solid\"  >\n\t<span class=\"qodef-button-holder\">\n\t\t\t\t<span class=\"qodef-btn-text\">ACHETEZ VOTRE BILLET SHOWCASE DU SDIMANCHE 22 MARS 2026<\/span>\n\t\t\t<\/span>\n<\/a>[\/vc_column][\/vc_row][vc_row][vc_column]<div class=\"qodef-elements-holder   qodef-one-column  qodef-responsive-mode-768 \" ><div class=\"qodef-eh-item    \"  data-item-class=\"qodef-eh-custom-3276\">\n\t<div class=\"qodef-eh-item-inner\">\n\t\t<div class=\"qodef-eh-item-content qodef-eh-custom-3276\" >\n\t\t\t[vc_column_text]<\/p>\n<h2 class=\"font_0 wixui-rich-text__text\"><span class=\"wixui-rich-text__text\">COMMENT FAIRE PARTI DU SHOWCASE !<br \/>\n<\/span><\/h2>\n<p><span class=\"wixui-rich-text__text\">Pour 2026 nous avons d\u00e9cid\u00e9 d&rsquo;all\u00e9ger le showcase nous avons mis en place de nouvelles dispositions. Tout au long de la comp\u00e9tition les juges remettront des prix COUP DE COEUR ET ULTIMATE PERFOMANCE aux danseurs. Le prix COUP DE COEUR visent \u00e0 souligner que le juge \u00e0 aim\u00e9 votre performance par la qualit\u00e9 de la chor\u00e9graphie La performance sur s\u00e8ne, l\u2019originalit\u00e9 du num\u00e9ro Le synchronisme et l\u2019ex\u00e9cution La technique des danseurs. Le prix ULTIMATE PERFOMANCE est le prix d\u00e9cern\u00e9 aux routine qui ont \u00e9t\u00e9 valid\u00e9 par les 3 juges de la division.<br class=\"wixui-rich-text__text\" \/><br class=\"wixui-rich-text__text\" \/>Tous les groupes et productions des niveaux NOVICE, INTERM\u00c9DIAIRE, AVANC\u00c9 et \u00c9LITE ayant re\u00e7us LES COUPS DE COEURS sont \u00e9ligibles \u00e0 faire parti du Showcase. <\/span><\/p>\n<p><span class=\"wixui-rich-text__text\">.<\/span><\/p>\n<p>&nbsp;<\/p>\n<h2 class=\"font_0 wixui-rich-text__text\"><span class=\"wixui-rich-text__text\">DES SHOWCASES?<\/span><\/h2>\n<div class=\"qodef-page-content-holder qodef-grid-col-12\">\n<div class=\"vc_row wpb_row vc_row-fluid\">\n<div class=\"wpb_column vc_column_container vc_col-sm-12\">\n<div class=\"vc_column-inner\">\n<div class=\"wpb_wrapper\">\n<div class=\"qodef-elements-holder qodef-one-column qodef-responsive-mode-768 \">\n<div class=\"qodef-eh-item \" data-item-class=\"qodef-eh-custom-9045\">\n<div class=\"qodef-eh-item-inner\">\n<div class=\"qodef-eh-item-content qodef-eh-custom-9045\">\n<div class=\"wpb_text_column wpb_content_element \">\n<div class=\"wpb_wrapper\">\n<p>Oui apr\u00e8s plusieurs \u00e9dition nous avons envi de donner la chance \u00e0 plusieurs participants au lieu de faire un showcase avec tous les niveau confondu nous allons faire deux showcase, Un Ultimate Showcase All stars <strong>(les niveaux COMP\u00c9TITIF, .\u00c9LITE)<\/strong> qui au lieu samedi soir(les participants du Ultimate Showcase All starz seront annonc\u00e9 samedi soir <span class=\"wixui-rich-text__text\">\u00e0 la derni\u00e8re remise de prix<\/span>, et le dimanche soir le <strong>Showcase ROOKIEZ<\/strong> incluant (Novice, Pr\u00e9-comp\u00e9titif). <span class=\"wixui-rich-text__text\">Les participants du <strong>Showcase SPOLIGHT solo, duo, trio<\/strong> seront annonc\u00e9s \u00e0 la derni\u00e8re remise de prix. <\/span><\/p>\n<h3><strong>Pour Ultimate Showcase AllStarz le samedi soir 21 mars 2026<br \/>\n<\/strong><\/h3>\n<p class=\"font_7 wixui-rich-text__text\"><span class=\"wixui-rich-text__text\">Les juges s\u00e9lectionneront : <\/span><\/p>\n<p class=\"font_7 wixui-rich-text__text\"><span class=\"wixui-rich-text__text\">10 num\u00e9ros (toutes divisions confondues)<\/span><\/p>\n<p class=\"font_7 wixui-rich-text__text\"><span class=\"wixui-rich-text__text\">5 num\u00e9ros solo (toutes divisions confondues)<\/span><\/p>\n<p>3 groupes invit\u00e9s professionnels<\/p>\n<\/div>\n<h3><strong>Pour Showcase Spotlight le dimanche 22 mars 2026<br \/>\n<\/strong><\/h3>\n<p class=\"font_7 wixui-rich-text__text\"><span class=\"wixui-rich-text__text\">Les juges s\u00e9lectionneront : <\/span><\/p>\n<p class=\"font_7 wixui-rich-text__text\"><span class=\"wixui-rich-text__text\">10 num\u00e9ros<\/span><\/p>\n<p class=\"font_7 wixui-rich-text__text\"><span class=\"wixui-rich-text__text\">4 num\u00e9ros solo (toutes divisions confondues)<\/span><\/p>\n<p><span id=\"page1R_mcid130\" class=\"markedContent\"><span dir=\"ltr\" role=\"presentation\">TOP 3 \/\/ COUPS DE COEUR Pour Showcase Spotlight)<\/span><\/span><\/p>\n<p>Participation gratuite pour l&rsquo;ann\u00e9e 2027<\/p>\n<p>&nbsp;<\/p>\n<p>&nbsp;<\/p>\n<\/div>\n<\/div>\n<\/div>\n<\/div>\n<\/div>\n<\/div>\n<\/div>\n<\/div>\n<\/div>\n<\/div>\n<p><span class=\"wixui-rich-text__text\"> <span id=\"page527R_mcid4\" class=\"markedContent\"><span dir=\"ltr\" role=\"presentation\">LES PRIX &#038; BOURSES<\/span><\/span><\/span><\/p>\n<p>Seul les routines niveau COMP\u00c9TITIF ET \u00c9LITE sont \u00e9ligible pour la bourse<\/p>\n<p><span id=\"page1R_mcid130\" class=\"markedContent\"><span dir=\"ltr\" role=\"presentation\">TOP 3 \/\/ COUPS DE COEUR (<span style=\"color: #000000;\">Seulement pour le Ultimate Showcase allstarz<\/span>)<br \/>\n<\/span><\/span><\/p>\n<p><span id=\"page1R_mcid132\" class=\"markedContent\"><span dir=\"ltr\" role=\"presentation\">1\u00e8re place<\/span><\/span><span id=\"page1R_mcid133\" class=\"markedContent\"><\/span><\/p>\n<p>2500 $<\/p>\n<p><span id=\"page1R_mcid133\" class=\"markedContent\"><span dir=\"ltr\" role=\"presentation\">2e place<\/span><\/span><span id=\"page1R_mcid134\" class=\"markedContent\"> <\/span><\/p>\n<p>1000 $<\/p>\n<p><span id=\"page1R_mcid134\" class=\"markedContent\"><span dir=\"ltr\" role=\"presentation\">3e place<\/span><\/span><\/p>\n<p>550 $[\/vc_column_text]\t\t<\/div>\n\t<\/div>\n<\/div><\/div>[\/vc_column][\/vc_row]<\/p>\n","protected":false},"excerpt":{"rendered":"<p>[vc_row][vc_column][\/vc_column][\/vc_row][vc_row][vc_column][vc_single_image image=\u00a0\u00bb12982&Prime; img_size=\u00a0\u00bbfull\u00a0\u00bb alignment=\u00a0\u00bbcenter\u00a0\u00bb title=\u00a0\u00bbSHOWCASE ALLSTARZ\u00a0\u00bb][\/vc_column][\/vc_row][vc_row][vc_column][vc_single_image image=\u00a0\u00bb12986&Prime; img_size=\u00a0\u00bbfull\u00a0\u00bb alignment=\u00a0\u00bbcenter\u00a0\u00bb title=\u00a0\u00bbSHOWCASE ROOKIEZ\u00a0\u00bb][\/vc_column][\/vc_row][vc_row][vc_column][\/vc_column][\/vc_row]<\/p>\n","protected":false},"author":1,"featured_media":0,"parent":0,"menu_order":0,"comment_status":"closed","ping_status":"closed","template":"","meta":{"footnotes":""},"class_list":["post-12717","page","type-page","status-publish","hentry"],"yoast_head":"<!-- This site is optimized with the Yoast SEO plugin v24.8.1 - https:\/\/yoast.com\/wordpress\/plugins\/seo\/ -->\n<title>Showcase - Ultimatedancemove<\/title>\n<meta name=\"robots\" content=\"index, follow, max-snippet:-1, max-image-preview:large, max-video-preview:-1\" \/>\n<link rel=\"canonical\" href=\"https:\/\/ultimatedancemove.com\/fr\/showcase\/\" \/>\n<meta property=\"og:locale\" content=\"fr_FR\" \/>\n<meta property=\"og:locale:alternate\" content=\"en_CA\" \/>\n<meta property=\"og:type\" content=\"article\" \/>\n<meta property=\"og:title\" content=\"Showcase - Ultimatedancemove\" \/>\n<meta property=\"og:description\" content=\"[vc_row][vc_column][\/vc_column][\/vc_row][vc_row][vc_column][vc_single_image image=\u00a0\u00bb12982&Prime; img_size=\u00a0\u00bbfull\u00a0\u00bb alignment=\u00a0\u00bbcenter\u00a0\u00bb title=\u00a0\u00bbSHOWCASE ALLSTARZ\u00a0\u00bb][\/vc_column][\/vc_row][vc_row][vc_column][vc_single_image image=\u00a0\u00bb12986&Prime; img_size=\u00a0\u00bbfull\u00a0\u00bb alignment=\u00a0\u00bbcenter\u00a0\u00bb title=\u00a0\u00bbSHOWCASE ROOKIEZ\u00a0\u00bb][\/vc_column][\/vc_row][vc_row][vc_column][\/vc_column][\/vc_row]\" \/>\n<meta property=\"og:url\" content=\"https:\/\/ultimatedancemove.com\/fr\/showcase\/\" \/>\n<meta property=\"og:site_name\" content=\"Ultimatedancemove\" \/>\n<meta property=\"article:publisher\" content=\"https:\/\/www.facebook.com\/ultimatedancemove\/\" \/>\n<meta property=\"article:modified_time\" content=\"2026-03-16T02:27:50+00:00\" \/>\n<meta name=\"twitter:card\" content=\"summary_large_image\" \/>\n<meta name=\"twitter:label1\" content=\"Dur\u00e9e de lecture estim\u00e9e\" \/>\n\t<meta name=\"twitter:data1\" content=\"3 minutes\" \/>\n<script type=\"application\/ld+json\" class=\"yoast-schema-graph\">{\"@context\":\"https:\/\/schema.org\",\"@graph\":[{\"@type\":\"WebPage\",\"@id\":\"https:\/\/ultimatedancemove.com\/fr\/showcase\/\",\"url\":\"https:\/\/ultimatedancemove.com\/fr\/showcase\/\",\"name\":\"Showcase - Ultimatedancemove\",\"isPartOf\":{\"@id\":\"https:\/\/ultimatedancemove.com\/#website\"},\"datePublished\":\"2025-04-11T06:30:13+00:00\",\"dateModified\":\"2026-03-16T02:27:50+00:00\",\"breadcrumb\":{\"@id\":\"https:\/\/ultimatedancemove.com\/fr\/showcase\/#breadcrumb\"},\"inLanguage\":\"fr-FR\",\"potentialAction\":[{\"@type\":\"ReadAction\",\"target\":[\"https:\/\/ultimatedancemove.com\/fr\/showcase\/\"]}]},{\"@type\":\"BreadcrumbList\",\"@id\":\"https:\/\/ultimatedancemove.com\/fr\/showcase\/#breadcrumb\",\"itemListElement\":[{\"@type\":\"ListItem\",\"position\":1,\"name\":\"Home\",\"item\":\"https:\/\/ultimatedancemove.com\/fr\/\"},{\"@type\":\"ListItem\",\"position\":2,\"name\":\"Showcase\"}]},{\"@type\":\"WebSite\",\"@id\":\"https:\/\/ultimatedancemove.com\/#website\",\"url\":\"https:\/\/ultimatedancemove.com\/\",\"name\":\"Ultimate dance move\",\"description\":\"Dance competition - Comp\u00e9tition de danse\",\"potentialAction\":[{\"@type\":\"SearchAction\",\"target\":{\"@type\":\"EntryPoint\",\"urlTemplate\":\"https:\/\/ultimatedancemove.com\/?s={search_term_string}\"},\"query-input\":{\"@type\":\"PropertyValueSpecification\",\"valueRequired\":true,\"valueName\":\"search_term_string\"}}],\"inLanguage\":\"fr-FR\"}]}<\/script>\n<!-- \/ Yoast SEO plugin. -->","yoast_head_json":{"title":"Showcase - Ultimatedancemove","robots":{"index":"index","follow":"follow","max-snippet":"max-snippet:-1","max-image-preview":"max-image-preview:large","max-video-preview":"max-video-preview:-1"},"canonical":"https:\/\/ultimatedancemove.com\/fr\/showcase\/","og_locale":"fr_FR","og_type":"article","og_title":"Showcase - Ultimatedancemove","og_description":"[vc_row][vc_column][\/vc_column][\/vc_row][vc_row][vc_column][vc_single_image image=\u00a0\u00bb12982&Prime; img_size=\u00a0\u00bbfull\u00a0\u00bb alignment=\u00a0\u00bbcenter\u00a0\u00bb title=\u00a0\u00bbSHOWCASE ALLSTARZ\u00a0\u00bb][\/vc_column][\/vc_row][vc_row][vc_column][vc_single_image image=\u00a0\u00bb12986&Prime; img_size=\u00a0\u00bbfull\u00a0\u00bb alignment=\u00a0\u00bbcenter\u00a0\u00bb title=\u00a0\u00bbSHOWCASE ROOKIEZ\u00a0\u00bb][\/vc_column][\/vc_row][vc_row][vc_column][\/vc_column][\/vc_row]","og_url":"https:\/\/ultimatedancemove.com\/fr\/showcase\/","og_site_name":"Ultimatedancemove","article_publisher":"https:\/\/www.facebook.com\/ultimatedancemove\/","article_modified_time":"2026-03-16T02:27:50+00:00","twitter_card":"summary_large_image","twitter_misc":{"Dur\u00e9e de lecture estim\u00e9e":"3 minutes"},"schema":{"@context":"https:\/\/schema.org","@graph":[{"@type":"WebPage","@id":"https:\/\/ultimatedancemove.com\/fr\/showcase\/","url":"https:\/\/ultimatedancemove.com\/fr\/showcase\/","name":"Showcase - Ultimatedancemove","isPartOf":{"@id":"https:\/\/ultimatedancemove.com\/#website"},"datePublished":"2025-04-11T06:30:13+00:00","dateModified":"2026-03-16T02:27:50+00:00","breadcrumb":{"@id":"https:\/\/ultimatedancemove.com\/fr\/showcase\/#breadcrumb"},"inLanguage":"fr-FR","potentialAction":[{"@type":"ReadAction","target":["https:\/\/ultimatedancemove.com\/fr\/showcase\/"]}]},{"@type":"BreadcrumbList","@id":"https:\/\/ultimatedancemove.com\/fr\/showcase\/#breadcrumb","itemListElement":[{"@type":"ListItem","position":1,"name":"Home","item":"https:\/\/ultimatedancemove.com\/fr\/"},{"@type":"ListItem","position":2,"name":"Showcase"}]},{"@type":"WebSite","@id":"https:\/\/ultimatedancemove.com\/#website","url":"https:\/\/ultimatedancemove.com\/","name":"Ultimate dance move","description":"Dance competition - Comp\u00e9tition de danse","potentialAction":[{"@type":"SearchAction","target":{"@type":"EntryPoint","urlTemplate":"https:\/\/ultimatedancemove.com\/?s={search_term_string}"},"query-input":{"@type":"PropertyValueSpecification","valueRequired":true,"valueName":"search_term_string"}}],"inLanguage":"fr-FR"}]}},"jetpack_sharing_enabled":true,"_links":{"self":[{"href":"https:\/\/ultimatedancemove.com\/fr\/wp-json\/wp\/v2\/pages\/12717","targetHints":{"allow":["GET"]}}],"collection":[{"href":"https:\/\/ultimatedancemove.com\/fr\/wp-json\/wp\/v2\/pages"}],"about":[{"href":"https:\/\/ultimatedancemove.com\/fr\/wp-json\/wp\/v2\/types\/page"}],"author":[{"embeddable":true,"href":"https:\/\/ultimatedancemove.com\/fr\/wp-json\/wp\/v2\/users\/1"}],"replies":[{"embeddable":true,"href":"https:\/\/ultimatedancemove.com\/fr\/wp-json\/wp\/v2\/comments?post=12717"}],"version-history":[{"count":17,"href":"https:\/\/ultimatedancemove.com\/fr\/wp-json\/wp\/v2\/pages\/12717\/revisions"}],"predecessor-version":[{"id":12774,"href":"https:\/\/ultimatedancemove.com\/fr\/wp-json\/wp\/v2\/pages\/12717\/revisions\/12774"}],"wp:attachment":[{"href":"https:\/\/ultimatedancemove.com\/fr\/wp-json\/wp\/v2\/media?parent=12717"}],"curies":[{"name":"wp","href":"https:\/\/api.w.org\/{rel}","templated":true}]}}