{"id":1397,"date":"2019-09-24T12:51:21","date_gmt":"2019-09-24T12:51:21","guid":{"rendered":"https:\/\/booth.qodeinteractive.com\/?page_id=1397"},"modified":"2024-12-10T08:28:03","modified_gmt":"2024-12-10T07:28:03","slug":"get-in-touch","status":"publish","type":"page","link":"https:\/\/ultimatedancemove.com\/fr\/get-in-touch\/","title":{"rendered":"Nous contacter"},"content":{"rendered":"<p>[vc_row row_content_width=\u00a0\u00bbgrid\u00a0\u00bb css=\u00a0\u00bb.vc_custom_1569330933767{padding-top: 100px !important;padding-bottom: 100px !important;}\u00a0\u00bb][vc_column offset=\u00a0\u00bbvc_col-lg-5 vc_col-md-12&Prime;]<div class=\"qodef-elements-holder   qodef-one-column  qodef-responsive-mode-768 \" ><div class=\"qodef-eh-item    \"  data-item-class=\"qodef-eh-custom-4359\" data-1367-1600=\"0px 0px 0px 0px\" data-1025-1366=\"0px 0px 0px 0px\" data-769-1024=\"0px\" data-681-768=\"0px\" data-680=\"0px\">\n\t<div class=\"qodef-eh-item-inner\">\n\t\t<div class=\"qodef-eh-item-content qodef-eh-custom-4359\" style=\"padding: 0px 88px 0px 0px\">\n\t\t\t[vc_column_text]<\/p>\n<h3>Informations<\/h3>\n<p>[\/vc_column_text][vc_empty_space height=\u00a0\u00bb9px\u00a0\u00bb][vc_column_text]<\/p>\n<p style=\"font-size: 20px; line-height: 32px;\">vous souhaitez nous contacter n&rsquo;h\u00e9sitez pas<\/p>\n<p>[\/vc_column_text][vc_empty_space height=\u00a0\u00bb15px\u00a0\u00bb][vc_column_text]Vous avez des questions par rapport \u00e0 notre comp\u00e9titions ou des demandes n&rsquo;h\u00e9sitez pas[\/vc_column_text][vc_empty_space height=\u00a0\u00bb25px\u00a0\u00bb]<div class=\"qodef-info-table qodef-it-label-auto-width\">\n\t<div class=\"qodef-info-table-item\">\n\t\t\t<span class=\"qodef-it-label\">PHONE:<\/span>\n\t\t\t\t<a class=\"qodef-it-link\" itemprop=\"url\" href=\"tel:514%20346%204353\" target=\"_self\"><span>+1 514346 4353<\/span><\/a>\n\t<\/div><div class=\"qodef-info-table-item\">\n\t\t\t<span class=\"qodef-it-label\">MAIL:<\/span>\n\t\t\t\t<a class=\"qodef-it-link\" itemprop=\"url\" href=\"mailto:ultimatedancemove@gmail.com\" target=\"_self\"><span>ultmatedancemove@gmail.com<\/span><\/a>\n\t<\/div><div class=\"qodef-info-table-item\">\n\t\t\t<span class=\"qodef-it-label\">ADDRESS:<\/span>\n\t\t\t\t<a class=\"qodef-it-link\" itemprop=\"url\" href=\"https:\/\/www.google.ca\/maps\/place\/Magasin+Vid%C3%A9otron\/@45.6352535,-73.5850538,18.66z\/data=!4m6!3m5!1s0x4cc8e1ff542d8b29:0xb6eabf7a03457fbf!8m2!3d45.6351561!4d-73.5857488!16s%2Fg%2F11rrqn_4gf?entry=ttu\" target=\"_blank\"><span>CP 25259 MONTREAL CP RIV-D-PRAIRIES, QC, H1E 7P9<\/span><\/a>\n\t<\/div><\/div>\n[vc_empty_space]\t\t<\/div>\n\t<\/div>\n<\/div><\/div>[\/vc_column][vc_column offset=\u00a0\u00bbvc_col-lg-7 vc_col-md-12&Prime;][vc_column_text]<\/p>\n<h3>Contactez-nous<\/h3>\n<p>[\/vc_column_text][vc_empty_space]\n<div class=\"wpcf7 no-js\" id=\"wpcf7-f523-o1\" lang=\"en-US\" dir=\"ltr\" data-wpcf7-id=\"523\">\n<div class=\"screen-reader-response\"><p role=\"status\" aria-live=\"polite\" aria-atomic=\"true\"><\/p> <ul><\/ul><\/div>\n<form action=\"\/fr\/wp-json\/wp\/v2\/pages\/1397#wpcf7-f523-o1\" method=\"post\" class=\"wpcf7-form init cf7_custom_style_3\" aria-label=\"Contact form\" novalidate=\"novalidate\" data-status=\"init\">\n<fieldset class=\"hidden-fields-container\"><input type=\"hidden\" name=\"_wpcf7\" value=\"523\" \/><input type=\"hidden\" name=\"_wpcf7_version\" value=\"6.1.1\" \/><input type=\"hidden\" name=\"_wpcf7_locale\" value=\"en_US\" \/><input type=\"hidden\" name=\"_wpcf7_unit_tag\" value=\"wpcf7-f523-o1\" \/><input type=\"hidden\" name=\"_wpcf7_container_post\" value=\"0\" \/><input type=\"hidden\" name=\"_wpcf7_posted_data_hash\" value=\"\" \/><input type=\"hidden\" name=\"lang\" value=\"fr\" \/>\n<\/fieldset>\n<div class=\"qodef-simple-contact-form\">\n\t<p><span class=\"wpcf7-form-control-wrap\" data-name=\"your-name\"><input size=\"40\" maxlength=\"400\" class=\"wpcf7-form-control wpcf7-text wpcf7-validates-as-required\" aria-required=\"true\" aria-invalid=\"false\" placeholder=\"Your Name*\" value=\"\" type=\"text\" name=\"your-name\" \/><\/span><br \/>\n<span class=\"wpcf7-form-control-wrap\" data-name=\"your-email\"><input size=\"40\" maxlength=\"400\" class=\"wpcf7-form-control wpcf7-email wpcf7-validates-as-required wpcf7-text wpcf7-validates-as-email\" aria-required=\"true\" aria-invalid=\"false\" placeholder=\"Your Email*\" value=\"\" type=\"email\" name=\"your-email\" \/><\/span><br \/>\n<span class=\"wpcf7-form-control-wrap\" data-name=\"your-message\"><textarea cols=\"40\" rows=\"10\" maxlength=\"2000\" class=\"wpcf7-form-control wpcf7-textarea\" aria-invalid=\"false\" placeholder=\"Message\" name=\"your-message\"><\/textarea><\/span><br \/>\n<button class=\"wpcf7-form-control wpcf7-submit qodef-btn qodef-btn-medium qodef-btn-solid\" type=\"submit\"><span class=\"qodef-btn-text\">Send Message<\/span><\/button>\n\t<\/p>\n<\/div><div class=\"wpcf7-response-output\" aria-hidden=\"true\"><\/div>\n<\/form>\n<\/div>\n[\/vc_column][\/vc_row][vc_row content_placement=\u00a0\u00bbmiddle\u00a0\u00bb disable_background_image=\u00a0\u00bb\u00a0\u00bb content_text_aligment=\u00a0\u00bbcenter\u00a0\u00bb simple_background_image=\u00a0\u00bb3993&Prime; css=\u00a0\u00bb.vc_custom_1579183215400{padding-top: 161px !important;padding-bottom: 157px !important;}\u00a0\u00bb][vc_column][vc_single_image image=\u00a0\u00bb651&Prime; img_size=\u00a0\u00bbfull\u00a0\u00bb alignment=\u00a0\u00bbcenter\u00a0\u00bb][vc_empty_space height=\u00a0\u00bb3px\u00a0\u00bb]<div class=\"qodef-section-title-holder   qodef-section-title-highlighted qodef-section-title-animated\" style=\"text-align: center\">\n\t<div class=\"qodef-st-inner\">\n\t\t\t\t<div class=\"qodef-st-title-holder\">\n\t\t\t<h3 class=\"qodef-st-title\" style=\"color: #ffffff;background-color: #000000\">\n\t\t\tCP 25259 MONTREAL CP RIV-D-PRAIRIES, QC, H1E 7P9\t\t<\/h3>\n\t\t<\/div>\n\t\t\t\t\t\t\t<\/div>\n<\/div>[\/vc_column][\/vc_row]<\/p>\n","protected":false},"excerpt":{"rendered":"<p>[vc_row row_content_width=\u00a0\u00bbgrid\u00a0\u00bb css=\u00a0\u00bb.vc_custom_1569330933767{padding-top: 100px !important;padding-bottom: 100px !important;}\u00a0\u00bb][vc_column offset=\u00a0\u00bbvc_col-lg-5 vc_col-md-12&Prime;][\/vc_column][vc_column offset=\u00a0\u00bbvc_col-lg-7 vc_col-md-12&Prime;][vc_column_text] Contactez-nous [\/vc_column_text][vc_empty_space][\/vc_column][\/vc_row][vc_row content_placement=\u00a0\u00bbmiddle\u00a0\u00bb disable_background_image=\u00a0\u00bb\u00a0\u00bb content_text_aligment=\u00a0\u00bbcenter\u00a0\u00bb simple_background_image=\u00a0\u00bb3993&Prime; css=\u00a0\u00bb.vc_custom_1579183215400{padding-top: 161px !important;padding-bottom: 157px !important;}\u00a0\u00bb][vc_column][vc_single_image image=\u00a0\u00bb651&Prime; img_size=\u00a0\u00bbfull\u00a0\u00bb alignment=\u00a0\u00bbcenter\u00a0\u00bb][vc_empty_space height=\u00a0\u00bb3px\u00a0\u00bb][\/vc_column][\/vc_row]<\/p>\n","protected":false},"author":1,"featured_media":0,"parent":0,"menu_order":0,"comment_status":"closed","ping_status":"closed","template":"full-width.php","meta":{"footnotes":""},"class_list":["post-1397","page","type-page","status-publish","hentry"],"yoast_head":"<!-- This site is optimized with the Yoast SEO plugin v24.8.1 - https:\/\/yoast.com\/wordpress\/plugins\/seo\/ -->\n<title>Nous contacter - Ultimatedancemove<\/title>\n<meta name=\"robots\" content=\"index, follow, max-snippet:-1, max-image-preview:large, max-video-preview:-1\" \/>\n<link rel=\"canonical\" href=\"https:\/\/ultimatedancemove.com\/fr\/get-in-touch\/\" \/>\n<meta property=\"og:locale\" content=\"fr_FR\" \/>\n<meta property=\"og:locale:alternate\" content=\"en_CA\" \/>\n<meta property=\"og:type\" content=\"article\" \/>\n<meta property=\"og:title\" content=\"Nous contacter - Ultimatedancemove\" \/>\n<meta property=\"og:description\" content=\"[vc_row row_content_width=\u00a0\u00bbgrid\u00a0\u00bb css=\u00a0\u00bb.vc_custom_1569330933767{padding-top: 100px !important;padding-bottom: 100px !important;}\u00a0\u00bb][vc_column offset=\u00a0\u00bbvc_col-lg-5 vc_col-md-12&Prime;][\/vc_column][vc_column offset=\u00a0\u00bbvc_col-lg-7 vc_col-md-12&Prime;][vc_column_text] Contactez-nous [\/vc_column_text][vc_empty_space][\/vc_column][\/vc_row][vc_row content_placement=\u00a0\u00bbmiddle\u00a0\u00bb disable_background_image=\u00a0\u00bb\u00a0\u00bb content_text_aligment=\u00a0\u00bbcenter\u00a0\u00bb simple_background_image=\u00a0\u00bb3993&Prime; css=\u00a0\u00bb.vc_custom_1579183215400{padding-top: 161px !important;padding-bottom: 157px !important;}\u00a0\u00bb][vc_column][vc_single_image image=\u00a0\u00bb651&Prime; img_size=\u00a0\u00bbfull\u00a0\u00bb alignment=\u00a0\u00bbcenter\u00a0\u00bb][vc_empty_space height=\u00a0\u00bb3px\u00a0\u00bb][\/vc_column][\/vc_row]\" \/>\n<meta property=\"og:url\" content=\"https:\/\/ultimatedancemove.com\/fr\/get-in-touch\/\" \/>\n<meta property=\"og:site_name\" content=\"Ultimatedancemove\" \/>\n<meta property=\"article:publisher\" content=\"https:\/\/www.facebook.com\/ultimatedancemove\/\" \/>\n<meta property=\"article:modified_time\" content=\"2024-12-10T07:28:03+00:00\" \/>\n<meta name=\"twitter:card\" content=\"summary_large_image\" \/>\n<meta name=\"twitter:label1\" content=\"Dur\u00e9e de lecture estim\u00e9e\" \/>\n\t<meta name=\"twitter:data1\" content=\"1 minute\" \/>\n<script type=\"application\/ld+json\" class=\"yoast-schema-graph\">{\"@context\":\"https:\/\/schema.org\",\"@graph\":[{\"@type\":\"WebPage\",\"@id\":\"https:\/\/ultimatedancemove.com\/fr\/get-in-touch\/\",\"url\":\"https:\/\/ultimatedancemove.com\/fr\/get-in-touch\/\",\"name\":\"Nous contacter - Ultimatedancemove\",\"isPartOf\":{\"@id\":\"https:\/\/ultimatedancemove.com\/#website\"},\"datePublished\":\"2019-09-24T12:51:21+00:00\",\"dateModified\":\"2024-12-10T07:28:03+00:00\",\"breadcrumb\":{\"@id\":\"https:\/\/ultimatedancemove.com\/fr\/get-in-touch\/#breadcrumb\"},\"inLanguage\":\"fr-FR\",\"potentialAction\":[{\"@type\":\"ReadAction\",\"target\":[\"https:\/\/ultimatedancemove.com\/fr\/get-in-touch\/\"]}]},{\"@type\":\"BreadcrumbList\",\"@id\":\"https:\/\/ultimatedancemove.com\/fr\/get-in-touch\/#breadcrumb\",\"itemListElement\":[{\"@type\":\"ListItem\",\"position\":1,\"name\":\"Home\",\"item\":\"https:\/\/ultimatedancemove.com\/fr\/\"},{\"@type\":\"ListItem\",\"position\":2,\"name\":\"Nous contacter\"}]},{\"@type\":\"WebSite\",\"@id\":\"https:\/\/ultimatedancemove.com\/#website\",\"url\":\"https:\/\/ultimatedancemove.com\/\",\"name\":\"Ultimate dance move\",\"description\":\"Dance competition - Comp\u00e9tition de danse\",\"potentialAction\":[{\"@type\":\"SearchAction\",\"target\":{\"@type\":\"EntryPoint\",\"urlTemplate\":\"https:\/\/ultimatedancemove.com\/?s={search_term_string}\"},\"query-input\":{\"@type\":\"PropertyValueSpecification\",\"valueRequired\":true,\"valueName\":\"search_term_string\"}}],\"inLanguage\":\"fr-FR\"}]}<\/script>\n<!-- \/ Yoast SEO plugin. -->","yoast_head_json":{"title":"Nous contacter - Ultimatedancemove","robots":{"index":"index","follow":"follow","max-snippet":"max-snippet:-1","max-image-preview":"max-image-preview:large","max-video-preview":"max-video-preview:-1"},"canonical":"https:\/\/ultimatedancemove.com\/fr\/get-in-touch\/","og_locale":"fr_FR","og_type":"article","og_title":"Nous contacter - Ultimatedancemove","og_description":"[vc_row row_content_width=\u00a0\u00bbgrid\u00a0\u00bb css=\u00a0\u00bb.vc_custom_1569330933767{padding-top: 100px !important;padding-bottom: 100px !important;}\u00a0\u00bb][vc_column offset=\u00a0\u00bbvc_col-lg-5 vc_col-md-12&Prime;][\/vc_column][vc_column offset=\u00a0\u00bbvc_col-lg-7 vc_col-md-12&Prime;][vc_column_text] Contactez-nous [\/vc_column_text][vc_empty_space][\/vc_column][\/vc_row][vc_row content_placement=\u00a0\u00bbmiddle\u00a0\u00bb disable_background_image=\u00a0\u00bb\u00a0\u00bb content_text_aligment=\u00a0\u00bbcenter\u00a0\u00bb simple_background_image=\u00a0\u00bb3993&Prime; css=\u00a0\u00bb.vc_custom_1579183215400{padding-top: 161px !important;padding-bottom: 157px !important;}\u00a0\u00bb][vc_column][vc_single_image image=\u00a0\u00bb651&Prime; img_size=\u00a0\u00bbfull\u00a0\u00bb alignment=\u00a0\u00bbcenter\u00a0\u00bb][vc_empty_space height=\u00a0\u00bb3px\u00a0\u00bb][\/vc_column][\/vc_row]","og_url":"https:\/\/ultimatedancemove.com\/fr\/get-in-touch\/","og_site_name":"Ultimatedancemove","article_publisher":"https:\/\/www.facebook.com\/ultimatedancemove\/","article_modified_time":"2024-12-10T07:28:03+00:00","twitter_card":"summary_large_image","twitter_misc":{"Dur\u00e9e de lecture estim\u00e9e":"1 minute"},"schema":{"@context":"https:\/\/schema.org","@graph":[{"@type":"WebPage","@id":"https:\/\/ultimatedancemove.com\/fr\/get-in-touch\/","url":"https:\/\/ultimatedancemove.com\/fr\/get-in-touch\/","name":"Nous contacter - Ultimatedancemove","isPartOf":{"@id":"https:\/\/ultimatedancemove.com\/#website"},"datePublished":"2019-09-24T12:51:21+00:00","dateModified":"2024-12-10T07:28:03+00:00","breadcrumb":{"@id":"https:\/\/ultimatedancemove.com\/fr\/get-in-touch\/#breadcrumb"},"inLanguage":"fr-FR","potentialAction":[{"@type":"ReadAction","target":["https:\/\/ultimatedancemove.com\/fr\/get-in-touch\/"]}]},{"@type":"BreadcrumbList","@id":"https:\/\/ultimatedancemove.com\/fr\/get-in-touch\/#breadcrumb","itemListElement":[{"@type":"ListItem","position":1,"name":"Home","item":"https:\/\/ultimatedancemove.com\/fr\/"},{"@type":"ListItem","position":2,"name":"Nous contacter"}]},{"@type":"WebSite","@id":"https:\/\/ultimatedancemove.com\/#website","url":"https:\/\/ultimatedancemove.com\/","name":"Ultimate dance move","description":"Dance competition - Comp\u00e9tition de danse","potentialAction":[{"@type":"SearchAction","target":{"@type":"EntryPoint","urlTemplate":"https:\/\/ultimatedancemove.com\/?s={search_term_string}"},"query-input":{"@type":"PropertyValueSpecification","valueRequired":true,"valueName":"search_term_string"}}],"inLanguage":"fr-FR"}]}},"jetpack_sharing_enabled":true,"_links":{"self":[{"href":"https:\/\/ultimatedancemove.com\/fr\/wp-json\/wp\/v2\/pages\/1397","targetHints":{"allow":["GET"]}}],"collection":[{"href":"https:\/\/ultimatedancemove.com\/fr\/wp-json\/wp\/v2\/pages"}],"about":[{"href":"https:\/\/ultimatedancemove.com\/fr\/wp-json\/wp\/v2\/types\/page"}],"author":[{"embeddable":true,"href":"https:\/\/ultimatedancemove.com\/fr\/wp-json\/wp\/v2\/users\/1"}],"replies":[{"embeddable":true,"href":"https:\/\/ultimatedancemove.com\/fr\/wp-json\/wp\/v2\/comments?post=1397"}],"version-history":[{"count":6,"href":"https:\/\/ultimatedancemove.com\/fr\/wp-json\/wp\/v2\/pages\/1397\/revisions"}],"predecessor-version":[{"id":12583,"href":"https:\/\/ultimatedancemove.com\/fr\/wp-json\/wp\/v2\/pages\/1397\/revisions\/12583"}],"wp:attachment":[{"href":"https:\/\/ultimatedancemove.com\/fr\/wp-json\/wp\/v2\/media?parent=1397"}],"curies":[{"name":"wp","href":"https:\/\/api.w.org\/{rel}","templated":true}]}}