{"id":606,"date":"2018-12-12T01:43:38","date_gmt":"2018-12-12T00:43:38","guid":{"rendered":"https:\/\/ultimatedancemove.com\/?page_id=606"},"modified":"2019-09-21T17:50:19","modified_gmt":"2019-09-21T15:50:19","slug":"pourquoi","status":"publish","type":"page","link":"https:\/\/ultimatedancemove.com\/fr\/pourquoi\/","title":{"rendered":"Pourquoi s&rsquo;inscrire?"},"content":{"rendered":"<p>La comp\u00e9tition Ultimate Dance Move <b>est une comp\u00e9tition qui sort de l&rsquo;ordinaire<\/b>. Le but est de mettre en valeur le talent des danseurs de diff\u00e9rents styles. Cette comp\u00e9tition <b>se d\u00e9marque entre autres<\/b> par la participation de juges <b>juges locaux et internationaux<\/b> qui auront un regard neuf sur ce qui se fait de mieux au niveau de la danse \u00e0 Montr\u00e9al. De plus, Ultimate Dance Move vous offre la chance unique de participer \u00e0 un battle Crew vs Crew <b>mettant en avant la chor\u00e9graphie<\/b> et le niveau artistique des participants. Ultimate Dance Move est tout sauf une comp\u00e9tition de danse traditionnelle.<\/p>\n","protected":false},"excerpt":{"rendered":"<p>La comp\u00e9tition Ultimate Dance Move est une comp\u00e9tition qui sort de l&rsquo;ordinaire. Le but est de mettre en valeur le talent des danseurs de diff\u00e9rents styles. Cette comp\u00e9tition se d\u00e9marque entre autres par la participation de juges juges locaux et internationaux qui auront un regard neuf sur ce qui se fait de [&hellip;]<\/p>\n","protected":false},"author":1,"featured_media":0,"parent":0,"menu_order":0,"comment_status":"closed","ping_status":"closed","template":"","meta":{"footnotes":""},"class_list":["post-606","page","type-page","status-publish","hentry"],"yoast_head":"<!-- This site is optimized with the Yoast SEO plugin v24.8.1 - https:\/\/yoast.com\/wordpress\/plugins\/seo\/ -->\n<title>Pourquoi s&#039;inscrire? - Ultimatedancemove<\/title>\n<meta name=\"robots\" content=\"index, follow, max-snippet:-1, max-image-preview:large, max-video-preview:-1\" \/>\n<link rel=\"canonical\" href=\"https:\/\/ultimatedancemove.com\/fr\/pourquoi\/\" \/>\n<meta property=\"og:locale\" content=\"fr_FR\" \/>\n<meta property=\"og:locale:alternate\" content=\"en_CA\" \/>\n<meta property=\"og:type\" content=\"article\" \/>\n<meta property=\"og:title\" content=\"Pourquoi s&#039;inscrire? - Ultimatedancemove\" \/>\n<meta property=\"og:description\" content=\"La comp\u00e9tition Ultimate Dance Move est une comp\u00e9tition qui sort de l&rsquo;ordinaire. Le but est de mettre en valeur le talent des danseurs de diff\u00e9rents styles. Cette comp\u00e9tition se d\u00e9marque entre autres par la participation de juges juges locaux et internationaux qui auront un regard neuf sur ce qui se fait de [&hellip;]\" \/>\n<meta property=\"og:url\" content=\"https:\/\/ultimatedancemove.com\/fr\/pourquoi\/\" \/>\n<meta property=\"og:site_name\" content=\"Ultimatedancemove\" \/>\n<meta property=\"article:publisher\" content=\"https:\/\/www.facebook.com\/ultimatedancemove\/\" \/>\n<meta property=\"article:modified_time\" content=\"2019-09-21T15:50:19+00:00\" \/>\n<meta name=\"twitter:card\" content=\"summary_large_image\" \/>\n<meta name=\"twitter:label1\" content=\"Dur\u00e9e de lecture estim\u00e9e\" \/>\n\t<meta name=\"twitter:data1\" content=\"1 minute\" \/>\n<script type=\"application\/ld+json\" class=\"yoast-schema-graph\">{\"@context\":\"https:\/\/schema.org\",\"@graph\":[{\"@type\":\"WebPage\",\"@id\":\"https:\/\/ultimatedancemove.com\/fr\/pourquoi\/\",\"url\":\"https:\/\/ultimatedancemove.com\/fr\/pourquoi\/\",\"name\":\"Pourquoi s'inscrire? - Ultimatedancemove\",\"isPartOf\":{\"@id\":\"https:\/\/ultimatedancemove.com\/#website\"},\"datePublished\":\"2018-12-12T00:43:38+00:00\",\"dateModified\":\"2019-09-21T15:50:19+00:00\",\"breadcrumb\":{\"@id\":\"https:\/\/ultimatedancemove.com\/fr\/pourquoi\/#breadcrumb\"},\"inLanguage\":\"fr-FR\",\"potentialAction\":[{\"@type\":\"ReadAction\",\"target\":[\"https:\/\/ultimatedancemove.com\/fr\/pourquoi\/\"]}]},{\"@type\":\"BreadcrumbList\",\"@id\":\"https:\/\/ultimatedancemove.com\/fr\/pourquoi\/#breadcrumb\",\"itemListElement\":[{\"@type\":\"ListItem\",\"position\":1,\"name\":\"Home\",\"item\":\"https:\/\/ultimatedancemove.com\/fr\/\"},{\"@type\":\"ListItem\",\"position\":2,\"name\":\"Pourquoi s&rsquo;inscrire?\"}]},{\"@type\":\"WebSite\",\"@id\":\"https:\/\/ultimatedancemove.com\/#website\",\"url\":\"https:\/\/ultimatedancemove.com\/\",\"name\":\"Ultimate dance move\",\"description\":\"Dance competition - Comp\u00e9tition de danse\",\"potentialAction\":[{\"@type\":\"SearchAction\",\"target\":{\"@type\":\"EntryPoint\",\"urlTemplate\":\"https:\/\/ultimatedancemove.com\/?s={search_term_string}\"},\"query-input\":{\"@type\":\"PropertyValueSpecification\",\"valueRequired\":true,\"valueName\":\"search_term_string\"}}],\"inLanguage\":\"fr-FR\"}]}<\/script>\n<!-- \/ Yoast SEO plugin. -->","yoast_head_json":{"title":"Pourquoi s'inscrire? - Ultimatedancemove","robots":{"index":"index","follow":"follow","max-snippet":"max-snippet:-1","max-image-preview":"max-image-preview:large","max-video-preview":"max-video-preview:-1"},"canonical":"https:\/\/ultimatedancemove.com\/fr\/pourquoi\/","og_locale":"fr_FR","og_type":"article","og_title":"Pourquoi s'inscrire? - Ultimatedancemove","og_description":"La comp\u00e9tition Ultimate Dance Move est une comp\u00e9tition qui sort de l&rsquo;ordinaire. Le but est de mettre en valeur le talent des danseurs de diff\u00e9rents styles. Cette comp\u00e9tition se d\u00e9marque entre autres par la participation de juges juges locaux et internationaux qui auront un regard neuf sur ce qui se fait de [&hellip;]","og_url":"https:\/\/ultimatedancemove.com\/fr\/pourquoi\/","og_site_name":"Ultimatedancemove","article_publisher":"https:\/\/www.facebook.com\/ultimatedancemove\/","article_modified_time":"2019-09-21T15:50:19+00:00","twitter_card":"summary_large_image","twitter_misc":{"Dur\u00e9e de lecture estim\u00e9e":"1 minute"},"schema":{"@context":"https:\/\/schema.org","@graph":[{"@type":"WebPage","@id":"https:\/\/ultimatedancemove.com\/fr\/pourquoi\/","url":"https:\/\/ultimatedancemove.com\/fr\/pourquoi\/","name":"Pourquoi s'inscrire? - Ultimatedancemove","isPartOf":{"@id":"https:\/\/ultimatedancemove.com\/#website"},"datePublished":"2018-12-12T00:43:38+00:00","dateModified":"2019-09-21T15:50:19+00:00","breadcrumb":{"@id":"https:\/\/ultimatedancemove.com\/fr\/pourquoi\/#breadcrumb"},"inLanguage":"fr-FR","potentialAction":[{"@type":"ReadAction","target":["https:\/\/ultimatedancemove.com\/fr\/pourquoi\/"]}]},{"@type":"BreadcrumbList","@id":"https:\/\/ultimatedancemove.com\/fr\/pourquoi\/#breadcrumb","itemListElement":[{"@type":"ListItem","position":1,"name":"Home","item":"https:\/\/ultimatedancemove.com\/fr\/"},{"@type":"ListItem","position":2,"name":"Pourquoi s&rsquo;inscrire?"}]},{"@type":"WebSite","@id":"https:\/\/ultimatedancemove.com\/#website","url":"https:\/\/ultimatedancemove.com\/","name":"Ultimate dance move","description":"Dance competition - Comp\u00e9tition de danse","potentialAction":[{"@type":"SearchAction","target":{"@type":"EntryPoint","urlTemplate":"https:\/\/ultimatedancemove.com\/?s={search_term_string}"},"query-input":{"@type":"PropertyValueSpecification","valueRequired":true,"valueName":"search_term_string"}}],"inLanguage":"fr-FR"}]}},"jetpack_sharing_enabled":true,"_links":{"self":[{"href":"https:\/\/ultimatedancemove.com\/fr\/wp-json\/wp\/v2\/pages\/606","targetHints":{"allow":["GET"]}}],"collection":[{"href":"https:\/\/ultimatedancemove.com\/fr\/wp-json\/wp\/v2\/pages"}],"about":[{"href":"https:\/\/ultimatedancemove.com\/fr\/wp-json\/wp\/v2\/types\/page"}],"author":[{"embeddable":true,"href":"https:\/\/ultimatedancemove.com\/fr\/wp-json\/wp\/v2\/users\/1"}],"replies":[{"embeddable":true,"href":"https:\/\/ultimatedancemove.com\/fr\/wp-json\/wp\/v2\/comments?post=606"}],"version-history":[{"count":3,"href":"https:\/\/ultimatedancemove.com\/fr\/wp-json\/wp\/v2\/pages\/606\/revisions"}],"predecessor-version":[{"id":2227,"href":"https:\/\/ultimatedancemove.com\/fr\/wp-json\/wp\/v2\/pages\/606\/revisions\/2227"}],"wp:attachment":[{"href":"https:\/\/ultimatedancemove.com\/fr\/wp-json\/wp\/v2\/media?parent=606"}],"curies":[{"name":"wp","href":"https:\/\/api.w.org\/{rel}","templated":true}]}}